{"id":31716,"date":"2024-11-01T09:06:54","date_gmt":"2024-11-01T09:06:54","guid":{"rendered":"https:\/\/www.ecoonline.com\/cookie-policy\/"},"modified":"2026-03-23T08:53:41","modified_gmt":"2026-03-23T08:53:41","slug":"cookie-policy","status":"publish","type":"page","link":"https:\/\/www.ecoonline.com\/da\/cookie-policy\/","title":{"rendered":"Cookiepolitik"},"content":{"rendered":"\n<section class=\"Pegasus__Container w-full   relative h-fit  text-content-light mobile-stacking-standard is-layout-flow wp-block-pegasus-container-is-layout-flow\" style=\"  padding-top:var(--wp--preset--spacing--30);padding-bottom:var(--wp--preset--spacing--30); \" >\n\t        \n\t\t\t\t\t\t\t\t<div class=\"row-background absolute w-full bottom-0 left-0 z-0 h-full has-teal-background-color\" style=\"\">\n<\/div>\n\t\t\t\t\n\t\t\t\t\t\t\n\t\t\t\t\t\t\n\t\t        \t\t\n\t\t\n\t\n\t\t\t<div class=\"relative h-full is-flex-layout flex flex-col justify-start  container\">\n\n<h1 class=\"wp-block-heading has-text-align-left has-xx-large-font-size\">Cookiepolitik<\/h1>\n\n<\/div>\n\t\t\n\t        <\/section>\n\n<section class=\"Pegasus__Container w-full   relative h-fit  text-content-dark mobile-stacking-standard is-layout-flow wp-block-pegasus-container-is-layout-flow\" style=\"  padding-top:var(--wp--preset--spacing--30);padding-bottom:var(--wp--preset--spacing--30); \" >\n\t        \n\t\t\t\t\t\t\t\n\t\t\t\t\t\t\n\t\t\t\t\t\t\n\t\t        \t\t\n\t\t\n\t\n\t\t\t<div class=\"relative h-full is-flex-layout flex flex-col justify-start  container\">\n\n<p>Denne hjemmeside bruger cookies. Vi bruger cookies til at tilpasse indhold og annoncer, til at levere funktioner p\u00e5 sociale medier og til at analysere vores trafik. <\/p>\n\n\n\n<div style=\"height:2vw\" aria-hidden=\"true\" class=\"wp-block-spacer\"><\/div>\n\n\n\n<h2 class=\"wp-block-heading has-large-font-size\">Om cookies<\/h2>\n\n\n\n<h2>Hvad er cookies?<\/h2>\n\n\n\n<p><\/p>\n\n\n\n<p>Denne cookie-politik forklarer, hvad cookies er, og hvordan vi bruger dem, hvilke typer cookies vi bruger, dvs. de oplysninger, vi indsamler ved hj\u00e6lp af cookies, og hvordan disse oplysninger bruges, samt hvordan du kan administrere cookie-indstillingerne.<\/p>\n\n\n\n<p>Cookies er sm\u00e5 tekstfiler, der bruges til at gemme sm\u00e5 informationsbidder. De gemmes p\u00e5 din enhed, n\u00e5r hjemmesiden indl\u00e6ses i din browser. Disse cookies hj\u00e6lper os med at f\u00e5 hjemmesiden til at fungere korrekt, g\u00f8re den mere sikker, give en bedre brugeroplevelse og forst\u00e5, hvordan hjemmesiden pr\u00e6sterer, samt analysere, hvad der virker, og hvor der er behov for forbedringer.  <\/p>\n\n\n\n<p><\/p>\n\n\n\n<h2>Hvordan bruger vi cookies?<\/h2>\n\n\n\n<p><\/p>\n\n\n\n<p>Som de fleste online tjenester bruger vores hjemmeside f\u00f8rstepartscookies og tredjepartscookies til flere form\u00e5l. F\u00f8rstepartscookies er for det meste n\u00f8dvendige for, at hjemmesiden kan fungere korrekt, og de indsamler ikke nogen af dine personligt identificerbare data. <\/p>\n\n\n\n<p id=\"CookieDeclarationConsentIdAndDate\">De tredjepartscookies, der bruges p\u00e5 vores hjemmeside, er hovedsageligt til at forst\u00e5, hvordan hjemmesiden pr\u00e6sterer, hvordan du interagerer med vores hjemmeside, holde vores tjenester sikre, levere annoncer, der er relevante for dig, og alt i alt give dig en bedre og forbedret brugeroplevelse og hj\u00e6lpe med at fremskynde dine fremtidige interaktioner med vores hjemmeside.<\/p>\n\n\n\n<h5>Typer af cookies, vi bruger<\/h5>\n\n    <div class=\"cky-audit-table-element\"><\/div>\n\n\n\n<h2>Administrer cookie-pr\u00e6ferencer<\/h2>\n<a class=\"cky-banner-element\">Cookie-indstillinger<\/a> <br\/>\n\n\n\n<p>Du kan \u00e6ndre dine cookie-pr\u00e6ferencer n\u00e5r som helst ved at klikke p\u00e5 knappen ovenfor. Dette giver dig mulighed for at genbes\u00f8ge cookie-samtykkebanneret og \u00e6ndre dine pr\u00e6ferencer eller tr\u00e6kke dit samtykke tilbage med det samme. <\/p>\n\n\n\n<p>Ud over dette giver forskellige browsere forskellige metoder til at blokere og slette cookies, der bruges af hjemmesider. Du kan \u00e6ndre indstillingerne i din browser for at blokere\/slette cookies. Nedenfor er links til supportdokumenter om, hvordan du administrerer og sletter cookies fra de st\u00f8rste webbrowsere.  <\/p>\n\n\n\nhref=\u00bbhttps:\/\/support.google.com\/accounts\/answer\/32050\u00ab>https:\/\/support.google.com\/accounts\/answer\/32050<p>Safari: <a target=\"_blank\" href=\"https:\/\/support.apple.com\/en-in\/guide\/safari\/sfri11471\/mac\">https:\/\/support.apple.com\/en-in\/guide\/safari\/sfri11471\/mac<\/a><\/p><p>Firefox: <a target=\"_blank\" href=\"https:\/\/support.mozilla.org\/en-US\/kb\/clear-cookies-and-site-data-firefox?redirectslug=delete-cookies-remove-info-websites-stored&#038;redirectlocale=en-US\">https:\/\/support.mozilla.org\/en-US\/kb\/clear-cookies-and-site-data-firefox?redirectslug=delete-cookies-remove-info-websites-stored&#038;redirectlocale=en-US<\/a><\/p><p>Internet Explorer: <a target=\"_blank\" href=\"https:\/\/support.microsoft.com\/en-us\/topic\/how-to-delete-cookie-files-in-internet-explorer-bca9446f-d873-78de-77ba-d42645fa52fc\">https:\/\/support.microsoft.com\/en-us\/topic\/how-to-delete-cookie-files-in-internet-explorer-bca9446f-d873-78de-77ba-d42645fa52fc<\/a><\/p><p>Hvis du bruger en anden webbrowser, bedes du bes\u00f8ge din browsers officielle supportdokumenter.<\/p>\n<\/div>\n\t\t\n\t        <\/section>\n","protected":false},"excerpt":{"rendered":"","protected":false},"author":8,"featured_media":0,"parent":0,"menu_order":0,"comment_status":"closed","ping_status":"closed","template":"","meta":{"_acf_changed":false,"content-type":"","footnotes":"","_links_to":"","_links_to_target":""},"class_list":["post-31716","page","type-page","status-publish","hentry"],"acf":[],"yoast_head":"<!-- This site is optimized with the Yoast SEO plugin v27.3 - https:\/\/yoast.com\/product\/yoast-seo-wordpress\/ -->\n<title>Cookie-politik | EcoOnline<\/title>\n<meta name=\"description\" content=\"Denne hjemmeside bruger cookies. Vi bruger cookies til at tilpasse indhold og annoncer, til at levere funktioner p\u00e5 sociale medier og til at analysere vores trafik.\" \/>\n<meta name=\"robots\" content=\"index, follow, max-snippet:-1, max-image-preview:large, max-video-preview:-1\" \/>\n<link rel=\"canonical\" href=\"https:\/\/www.ecoonline.com\/da\/cookie-policy\/\" \/>\n<meta property=\"og:locale\" content=\"da_DK\" \/>\n<meta property=\"og:type\" content=\"article\" \/>\n<meta property=\"og:title\" content=\"Cookie-politik | EcoOnline\" \/>\n<meta property=\"og:description\" content=\"Denne hjemmeside bruger cookies. Vi bruger cookies til at tilpasse indhold og annoncer, til at levere funktioner p\u00e5 sociale medier og til at analysere vores trafik.\" \/>\n<meta property=\"og:url\" content=\"https:\/\/www.ecoonline.com\/da\/cookie-policy\/\" \/>\n<meta property=\"og:site_name\" content=\"EcoOnline\" \/>\n<meta property=\"article:modified_time\" content=\"2026-03-23T08:53:41+00:00\" \/>\n<meta name=\"twitter:card\" content=\"summary_large_image\" \/>\n<meta name=\"twitter:label1\" content=\"Estimeret l\u00e6setid\" \/>\n\t<meta name=\"twitter:data1\" content=\"2 minutter\" \/>\n<script type=\"application\/ld+json\" class=\"yoast-schema-graph\">{\"@context\":\"https:\\\/\\\/schema.org\",\"@graph\":[{\"@type\":\"Article\",\"@id\":\"https:\\\/\\\/www.ecoonline.com\\\/da\\\/cookie-policy\\\/#article\",\"isPartOf\":{\"@id\":\"https:\\\/\\\/www.ecoonline.com\\\/da\\\/cookie-policy\\\/\"},\"author\":{\"name\":\"Johan Hennius\",\"@id\":\"https:\\\/\\\/www.ecoonline.com\\\/da\\\/#\\\/schema\\\/person\\\/22787b96c92120e097dbfc849629392a\"},\"headline\":\"Cookiepolitik\",\"datePublished\":\"2024-11-01T09:06:54+00:00\",\"dateModified\":\"2026-03-23T08:53:41+00:00\",\"mainEntityOfPage\":{\"@id\":\"https:\\\/\\\/www.ecoonline.com\\\/da\\\/cookie-policy\\\/\"},\"wordCount\":393,\"publisher\":{\"@id\":\"https:\\\/\\\/www.ecoonline.com\\\/da\\\/#organization\"},\"inLanguage\":\"da-DK\"},{\"@type\":\"WebPage\",\"@id\":\"https:\\\/\\\/www.ecoonline.com\\\/da\\\/cookie-policy\\\/\",\"url\":\"https:\\\/\\\/www.ecoonline.com\\\/da\\\/cookie-policy\\\/\",\"name\":\"Cookie-politik | EcoOnline\",\"isPartOf\":{\"@id\":\"https:\\\/\\\/www.ecoonline.com\\\/da\\\/#website\"},\"datePublished\":\"2024-11-01T09:06:54+00:00\",\"dateModified\":\"2026-03-23T08:53:41+00:00\",\"description\":\"Denne hjemmeside bruger cookies. Vi bruger cookies til at tilpasse indhold og annoncer, til at levere funktioner p\u00e5 sociale medier og til at analysere vores trafik.\",\"inLanguage\":\"da-DK\",\"potentialAction\":[{\"@type\":\"ReadAction\",\"target\":[\"https:\\\/\\\/www.ecoonline.com\\\/da\\\/cookie-policy\\\/\"]}]},{\"@type\":\"WebSite\",\"@id\":\"https:\\\/\\\/www.ecoonline.com\\\/da\\\/#website\",\"url\":\"https:\\\/\\\/www.ecoonline.com\\\/da\\\/\",\"name\":\"EcoOnline\",\"description\":\"\",\"publisher\":{\"@id\":\"https:\\\/\\\/www.ecoonline.com\\\/da\\\/#organization\"},\"potentialAction\":[{\"@type\":\"SearchAction\",\"target\":{\"@type\":\"EntryPoint\",\"urlTemplate\":\"https:\\\/\\\/www.ecoonline.com\\\/da\\\/?s={search_term_string}\"},\"query-input\":{\"@type\":\"PropertyValueSpecification\",\"valueRequired\":true,\"valueName\":\"search_term_string\"}}],\"inLanguage\":\"da-DK\"},{\"@type\":\"Organization\",\"@id\":\"https:\\\/\\\/www.ecoonline.com\\\/da\\\/#organization\",\"name\":\"EcoOnline\",\"url\":\"https:\\\/\\\/www.ecoonline.com\\\/da\\\/\",\"logo\":{\"@type\":\"ImageObject\",\"inLanguage\":\"da-DK\",\"@id\":\"https:\\\/\\\/www.ecoonline.com\\\/da\\\/#\\\/schema\\\/logo\\\/image\\\/\",\"url\":\"https:\\\/\\\/www.ecoonline.com\\\/wp-content\\\/uploads\\\/2024\\\/12\\\/ecoonline-logo.webp\",\"contentUrl\":\"https:\\\/\\\/www.ecoonline.com\\\/wp-content\\\/uploads\\\/2024\\\/12\\\/ecoonline-logo.webp\",\"width\":888,\"height\":613,\"caption\":\"EcoOnline\"},\"image\":{\"@id\":\"https:\\\/\\\/www.ecoonline.com\\\/da\\\/#\\\/schema\\\/logo\\\/image\\\/\"}},{\"@type\":\"Person\",\"@id\":\"https:\\\/\\\/www.ecoonline.com\\\/da\\\/#\\\/schema\\\/person\\\/22787b96c92120e097dbfc849629392a\",\"name\":\"Johan Hennius\",\"image\":{\"@type\":\"ImageObject\",\"inLanguage\":\"da-DK\",\"@id\":\"https:\\\/\\\/secure.gravatar.com\\\/avatar\\\/b89c9347e9e09bd67293022824d9f9ed322fc2fab9318747cd630353573e3052?s=96&d=mm&r=g\",\"url\":\"https:\\\/\\\/secure.gravatar.com\\\/avatar\\\/b89c9347e9e09bd67293022824d9f9ed322fc2fab9318747cd630353573e3052?s=96&d=mm&r=g\",\"contentUrl\":\"https:\\\/\\\/secure.gravatar.com\\\/avatar\\\/b89c9347e9e09bd67293022824d9f9ed322fc2fab9318747cd630353573e3052?s=96&d=mm&r=g\",\"caption\":\"Johan Hennius\"},\"sameAs\":[\"https:\\\/\\\/www.ecoonline.com\\\/\"]}]}<\/script>\n<!-- \/ Yoast SEO plugin. -->","yoast_head_json":{"title":"Cookie-politik | EcoOnline","description":"Denne hjemmeside bruger cookies. Vi bruger cookies til at tilpasse indhold og annoncer, til at levere funktioner p\u00e5 sociale medier og til at analysere vores trafik.","robots":{"index":"index","follow":"follow","max-snippet":"max-snippet:-1","max-image-preview":"max-image-preview:large","max-video-preview":"max-video-preview:-1"},"canonical":"https:\/\/www.ecoonline.com\/da\/cookie-policy\/","og_locale":"da_DK","og_type":"article","og_title":"Cookie-politik | EcoOnline","og_description":"Denne hjemmeside bruger cookies. Vi bruger cookies til at tilpasse indhold og annoncer, til at levere funktioner p\u00e5 sociale medier og til at analysere vores trafik.","og_url":"https:\/\/www.ecoonline.com\/da\/cookie-policy\/","og_site_name":"EcoOnline","article_modified_time":"2026-03-23T08:53:41+00:00","twitter_card":"summary_large_image","twitter_misc":{"Estimeret l\u00e6setid":"2 minutter"},"schema":{"@context":"https:\/\/schema.org","@graph":[{"@type":"Article","@id":"https:\/\/www.ecoonline.com\/da\/cookie-policy\/#article","isPartOf":{"@id":"https:\/\/www.ecoonline.com\/da\/cookie-policy\/"},"author":{"name":"Johan Hennius","@id":"https:\/\/www.ecoonline.com\/da\/#\/schema\/person\/22787b96c92120e097dbfc849629392a"},"headline":"Cookiepolitik","datePublished":"2024-11-01T09:06:54+00:00","dateModified":"2026-03-23T08:53:41+00:00","mainEntityOfPage":{"@id":"https:\/\/www.ecoonline.com\/da\/cookie-policy\/"},"wordCount":393,"publisher":{"@id":"https:\/\/www.ecoonline.com\/da\/#organization"},"inLanguage":"da-DK"},{"@type":"WebPage","@id":"https:\/\/www.ecoonline.com\/da\/cookie-policy\/","url":"https:\/\/www.ecoonline.com\/da\/cookie-policy\/","name":"Cookie-politik | EcoOnline","isPartOf":{"@id":"https:\/\/www.ecoonline.com\/da\/#website"},"datePublished":"2024-11-01T09:06:54+00:00","dateModified":"2026-03-23T08:53:41+00:00","description":"Denne hjemmeside bruger cookies. Vi bruger cookies til at tilpasse indhold og annoncer, til at levere funktioner p\u00e5 sociale medier og til at analysere vores trafik.","inLanguage":"da-DK","potentialAction":[{"@type":"ReadAction","target":["https:\/\/www.ecoonline.com\/da\/cookie-policy\/"]}]},{"@type":"WebSite","@id":"https:\/\/www.ecoonline.com\/da\/#website","url":"https:\/\/www.ecoonline.com\/da\/","name":"EcoOnline","description":"","publisher":{"@id":"https:\/\/www.ecoonline.com\/da\/#organization"},"potentialAction":[{"@type":"SearchAction","target":{"@type":"EntryPoint","urlTemplate":"https:\/\/www.ecoonline.com\/da\/?s={search_term_string}"},"query-input":{"@type":"PropertyValueSpecification","valueRequired":true,"valueName":"search_term_string"}}],"inLanguage":"da-DK"},{"@type":"Organization","@id":"https:\/\/www.ecoonline.com\/da\/#organization","name":"EcoOnline","url":"https:\/\/www.ecoonline.com\/da\/","logo":{"@type":"ImageObject","inLanguage":"da-DK","@id":"https:\/\/www.ecoonline.com\/da\/#\/schema\/logo\/image\/","url":"https:\/\/www.ecoonline.com\/wp-content\/uploads\/2024\/12\/ecoonline-logo.webp","contentUrl":"https:\/\/www.ecoonline.com\/wp-content\/uploads\/2024\/12\/ecoonline-logo.webp","width":888,"height":613,"caption":"EcoOnline"},"image":{"@id":"https:\/\/www.ecoonline.com\/da\/#\/schema\/logo\/image\/"}},{"@type":"Person","@id":"https:\/\/www.ecoonline.com\/da\/#\/schema\/person\/22787b96c92120e097dbfc849629392a","name":"Johan Hennius","image":{"@type":"ImageObject","inLanguage":"da-DK","@id":"https:\/\/secure.gravatar.com\/avatar\/b89c9347e9e09bd67293022824d9f9ed322fc2fab9318747cd630353573e3052?s=96&d=mm&r=g","url":"https:\/\/secure.gravatar.com\/avatar\/b89c9347e9e09bd67293022824d9f9ed322fc2fab9318747cd630353573e3052?s=96&d=mm&r=g","contentUrl":"https:\/\/secure.gravatar.com\/avatar\/b89c9347e9e09bd67293022824d9f9ed322fc2fab9318747cd630353573e3052?s=96&d=mm&r=g","caption":"Johan Hennius"},"sameAs":["https:\/\/www.ecoonline.com\/"]}]}},"_links":{"self":[{"href":"https:\/\/www.ecoonline.com\/da\/wp-json\/wp\/v2\/pages\/31716","targetHints":{"allow":["GET"]}}],"collection":[{"href":"https:\/\/www.ecoonline.com\/da\/wp-json\/wp\/v2\/pages"}],"about":[{"href":"https:\/\/www.ecoonline.com\/da\/wp-json\/wp\/v2\/types\/page"}],"author":[{"embeddable":true,"href":"https:\/\/www.ecoonline.com\/da\/wp-json\/wp\/v2\/users\/8"}],"replies":[{"embeddable":true,"href":"https:\/\/www.ecoonline.com\/da\/wp-json\/wp\/v2\/comments?post=31716"}],"version-history":[{"count":2,"href":"https:\/\/www.ecoonline.com\/da\/wp-json\/wp\/v2\/pages\/31716\/revisions"}],"predecessor-version":[{"id":142913,"href":"https:\/\/www.ecoonline.com\/da\/wp-json\/wp\/v2\/pages\/31716\/revisions\/142913"}],"wp:attachment":[{"href":"https:\/\/www.ecoonline.com\/da\/wp-json\/wp\/v2\/media?parent=31716"}],"curies":[{"name":"wp","href":"https:\/\/api.w.org\/{rel}","templated":true}]}}