{"id":31720,"date":"2024-11-01T09:06:54","date_gmt":"2024-11-01T09:06:54","guid":{"rendered":"https:\/\/www.ecoonline.com\/cookie-policy\/"},"modified":"2026-03-23T09:04:16","modified_gmt":"2026-03-23T09:04:16","slug":"cookie-policy","status":"publish","type":"page","link":"https:\/\/www.ecoonline.com\/fi\/cookie-policy\/","title":{"rendered":"Ev\u00e4stek\u00e4yt\u00e4nt\u00f6"},"content":{"rendered":"\n<section class=\"Pegasus__Container w-full   relative h-fit  text-content-light mobile-stacking-vakio is-layout-flow wp-block-pegasus-container-is-layout-flow\" style=\"  padding-top:var(--wp--preset--spacing--30);padding-bottom:var(--wp--preset--spacing--30); \" >\n\t        \n\t\t\t\t\t\t\t\t<div class=\"row-background absolute w-full bottom-0 left-0 z-0 h-full has-teal-background-color\" style=\"\">\n<\/div>\n\t\t\t\t\n\t\t\t\t\t\t\n\t\t\t\t\t\t\n\t\t        \t\t\n\t\t\n\t\n\t\t\t<div class=\"relative h-full is-flex-layout flex flex-col justify-start  container\">\n\n<h1 class=\"wp-block-heading has-text-align-left has-xx-large-font-size\">Ev\u00e4stek\u00e4yt\u00e4nt\u00f6<\/h1>\n\n<\/div>\n\t\t\n\t        <\/section>\n\n<section class=\"Pegasus__Container w-full   relative h-fit  text-content-dark mobile-stacking-vakio is-layout-flow wp-block-pegasus-container-is-layout-flow\" style=\"  padding-top:var(--wp--preset--spacing--30);padding-bottom:var(--wp--preset--spacing--30); \" >\n\t        \n\t\t\t\t\t\t\t\n\t\t\t\t\t\t\n\t\t\t\t\t\t\n\t\t        \t\t\n\t\t\n\t\n\t\t\t<div class=\"relative h-full is-flex-layout flex flex-col justify-start  container\">\n\n<p>T\u00e4m\u00e4 verkkosivusto k\u00e4ytt\u00e4\u00e4 ev\u00e4steit\u00e4. K\u00e4yt\u00e4mme ev\u00e4steit\u00e4 personoidaksemme sis\u00e4lt\u00f6\u00e4 ja mainoksia, tarjotaksemme sosiaalisen median ominaisuuksia ja analysoidaksemme liikennett\u00e4mme. <\/p>\n\n\n\n<div style=\"height:2vw\" aria-hidden=\"true\" class=\"wp-block-spacer\"><\/div>\n\n\n\n<h2 class=\"wp-block-heading has-large-font-size\">Tietoa ev\u00e4steist\u00e4<\/h2>\n\n\n\n<h2>Mit\u00e4 ev\u00e4steet ovat?<\/h2>\n\n\n\n<p><\/p>\n\n\n\n<p>T\u00e4m\u00e4 ev\u00e4stek\u00e4yt\u00e4nt\u00f6 selitt\u00e4\u00e4, mit\u00e4 ev\u00e4steet ovat ja miten k\u00e4yt\u00e4mme niit\u00e4, millaisia ev\u00e4steit\u00e4 k\u00e4yt\u00e4mme eli mit\u00e4 tietoja ker\u00e4\u00e4mme ev\u00e4steiden avulla ja miten n\u00e4it\u00e4 tietoja k\u00e4ytet\u00e4\u00e4n, sek\u00e4 miten ev\u00e4steasetuksia hallitaan.<\/p>\n\n\n\n<p>Ev\u00e4steet ovat pieni\u00e4 tekstitiedostoja, joita k\u00e4ytet\u00e4\u00e4n pienten tietom\u00e4\u00e4rien tallentamiseen. Ne tallennetaan laitteellesi, kun verkkosivusto ladataan selaimessasi. N\u00e4m\u00e4 ev\u00e4steet auttavat meit\u00e4 saamaan verkkosivuston toimimaan oikein, tekem\u00e4\u00e4n siit\u00e4 turvallisemman, tarjoamaan paremman k\u00e4ytt\u00f6kokemuksen sek\u00e4 ymm\u00e4rt\u00e4m\u00e4\u00e4n, miten verkkosivusto toimii ja analysoimaan, mik\u00e4 toimii ja miss\u00e4 tarvitaan parannuksia.  <\/p>\n\n\n\n<p><\/p>\n\n\n\n<h2>Miten k\u00e4yt\u00e4mme ev\u00e4steit\u00e4?<\/h2>\n\n\n\n<p><\/p>\n\n\n\n<p>Kuten useimmat verkkopalvelut, verkkosivustomme k\u00e4ytt\u00e4\u00e4 ensimm\u00e4isen ja kolmannen osapuolen ev\u00e4steit\u00e4 useisiin tarkoituksiin. Ensimm\u00e4isen osapuolen ev\u00e4steet ovat enimm\u00e4kseen v\u00e4ltt\u00e4m\u00e4tt\u00f6mi\u00e4 verkkosivuston oikeanlaiselle toiminnalle, eiv\u00e4tk\u00e4 ne ker\u00e4\u00e4 mit\u00e4\u00e4n henkil\u00f6kohtaisesti tunnistettavia tietojasi. <\/p>\n\n\n\n<p id=\"CookieDeclarationConsentIdAndDate\">Verkkosivustollamme k\u00e4ytetyt kolmannen osapuolen ev\u00e4steet ovat p\u00e4\u00e4asiassa verkkosivuston suorituskyvyn ymm\u00e4rt\u00e4mist\u00e4, verkkosivustomme kanssa tapahtuvan vuorovaikutuksesi seuraamista, palveluidemme turvallisuuden yll\u00e4pit\u00e4mist\u00e4, sinulle merkityksellisten mainosten tarjoamista ja kaiken kaikkiaan paremman ja kehittyneemm\u00e4n k\u00e4ytt\u00f6kokemuksen tarjoamista varten sek\u00e4 nopeuttaaksemme tulevia vuorovaikutuksiasi verkkosivustomme kanssa.<\/p>\n\n\n\n<h5>K\u00e4ytt\u00e4m\u00e4mme ev\u00e4stetyypit<\/h5>\n\n    <div class=\"cky-audit-table-element\"><\/div>\n\n\n\n<h2>Hallitse ev\u00e4steasetuksia<\/h2>\n<a class=\"cky-banner-element\">Ev\u00e4steasetukset<\/a> <br\/>\n\n\n\n<p>Voit muuttaa ev\u00e4steasetuksiasi milloin tahansa napsauttamalla yll\u00e4 olevaa painiketta. T\u00e4m\u00e4 antaa sinun tarkastella ev\u00e4steiden suostumusilmoitusta uudelleen ja muuttaa asetuksiasi tai peruuttaa suostumuksesi v\u00e4litt\u00f6m\u00e4sti. <\/p>\n\n\n\n<p>T\u00e4m\u00e4n lis\u00e4ksi eri selaimet tarjoavat erilaisia menetelmi\u00e4 verkkosivustojen k\u00e4ytt\u00e4mien ev\u00e4steiden est\u00e4miseen ja poistamiseen. Voit muuttaa selaimesi asetuksia est\u00e4\u00e4ksesi\/poistaaksesi ev\u00e4steet. Alla on linkit t\u00e4rkeimpien verkkoselainten tukidokumentteihin ev\u00e4steiden hallinnasta ja poistamisesta.  <\/p>\n\n\n\nhref=\u201dhttps:\/\/support.google.com\/accounts\/answer\/32050\u201d>https:\/\/support.google.com\/accounts\/answer\/32050<p>Safari: <a target=\"_blank\" href=\"https:\/\/support.apple.com\/en-in\/guide\/safari\/sfri11471\/mac\">https:\/\/support.apple.com\/en-in\/guide\/safari\/sfri11471\/mac<\/a><\/p><p>Firefox: <a target=\"_blank\" href=\"https:\/\/support.mozilla.org\/en-US\/kb\/clear-cookies-and-site-data-firefox?redirectslug=delete-cookies-remove-info-websites-stored&#038;redirectlocale=en-US\">https:\/\/support.mozilla.org\/en-US\/kb\/clear-cookies-and-site-data-firefox?redirectslug=delete-cookies-remove-info-websites-stored&#038;redirectlocale=en-US<\/a><\/p><p>Internet Explorer: <a target=\"_blank\" href=\"https:\/\/support.microsoft.com\/en-us\/topic\/how-to-delete-cookie-files-in-internet-explorer-bca9446f-d873-78de-77ba-d42645fa52fc\">https:\/\/support.microsoft.com\/en-us\/topic\/how-to-delete-cookie-files-in-internet-explorer-bca9446f-d873-78de-77ba-d42645fa52fc<\/a><\/p><p>Jos k\u00e4yt\u00e4t jotain muuta verkkoselainta, k\u00e4y selaimesi virallisissa tukidokumenteissa.<\/p>\n<\/div>\n\t\t\n\t        <\/section>\n","protected":false},"excerpt":{"rendered":"","protected":false},"author":8,"featured_media":0,"parent":0,"menu_order":0,"comment_status":"closed","ping_status":"closed","template":"","meta":{"_acf_changed":false,"content-type":"","footnotes":"","_links_to":"","_links_to_target":""},"class_list":["post-31720","page","type-page","status-publish","hentry"],"acf":[],"yoast_head":"<!-- This site is optimized with the Yoast SEO plugin v27.3 - https:\/\/yoast.com\/product\/yoast-seo-wordpress\/ -->\n<title>Ev\u00e4stek\u00e4yt\u00e4nt\u00f6 | EcoOnline<\/title>\n<meta name=\"description\" content=\"T\u00e4m\u00e4 verkkosivusto k\u00e4ytt\u00e4\u00e4 ev\u00e4steit\u00e4. K\u00e4yt\u00e4mme ev\u00e4steit\u00e4 personoidaksemme sis\u00e4lt\u00f6\u00e4 ja mainoksia, tarjotaksemme sosiaalisen median ominaisuuksia ja analysoidaksemme liikennett\u00e4mme.\" \/>\n<meta name=\"robots\" content=\"index, follow, max-snippet:-1, max-image-preview:large, max-video-preview:-1\" \/>\n<link rel=\"canonical\" href=\"https:\/\/www.ecoonline.com\/fi\/cookie-policy\/\" \/>\n<meta property=\"og:locale\" content=\"fi_FI\" \/>\n<meta property=\"og:type\" content=\"article\" \/>\n<meta property=\"og:title\" content=\"Ev\u00e4stek\u00e4yt\u00e4nt\u00f6 | EcoOnline\" \/>\n<meta property=\"og:description\" content=\"T\u00e4m\u00e4 verkkosivusto k\u00e4ytt\u00e4\u00e4 ev\u00e4steit\u00e4. K\u00e4yt\u00e4mme ev\u00e4steit\u00e4 personoidaksemme sis\u00e4lt\u00f6\u00e4 ja mainoksia, tarjotaksemme sosiaalisen median ominaisuuksia ja analysoidaksemme liikennett\u00e4mme.\" \/>\n<meta property=\"og:url\" content=\"https:\/\/www.ecoonline.com\/fi\/cookie-policy\/\" \/>\n<meta property=\"og:site_name\" content=\"EcoOnline\" \/>\n<meta property=\"article:modified_time\" content=\"2026-03-23T09:04:16+00:00\" \/>\n<meta name=\"twitter:card\" content=\"summary_large_image\" \/>\n<meta name=\"twitter:label1\" content=\"Arvioitu lukuaika\" \/>\n\t<meta name=\"twitter:data1\" content=\"2 minuuttia\" \/>\n<script type=\"application\/ld+json\" class=\"yoast-schema-graph\">{\"@context\":\"https:\\\/\\\/schema.org\",\"@graph\":[{\"@type\":\"Article\",\"@id\":\"https:\\\/\\\/www.ecoonline.com\\\/fi\\\/cookie-policy\\\/#article\",\"isPartOf\":{\"@id\":\"https:\\\/\\\/www.ecoonline.com\\\/fi\\\/cookie-policy\\\/\"},\"author\":{\"name\":\"Johan Hennius\",\"@id\":\"https:\\\/\\\/www.ecoonline.com\\\/fi\\\/#\\\/schema\\\/person\\\/22787b96c92120e097dbfc849629392a\"},\"headline\":\"Ev\u00e4stek\u00e4yt\u00e4nt\u00f6\",\"datePublished\":\"2024-11-01T09:06:54+00:00\",\"dateModified\":\"2026-03-23T09:04:16+00:00\",\"mainEntityOfPage\":{\"@id\":\"https:\\\/\\\/www.ecoonline.com\\\/fi\\\/cookie-policy\\\/\"},\"wordCount\":376,\"publisher\":{\"@id\":\"https:\\\/\\\/www.ecoonline.com\\\/fi\\\/#organization\"},\"inLanguage\":\"fi\"},{\"@type\":\"WebPage\",\"@id\":\"https:\\\/\\\/www.ecoonline.com\\\/fi\\\/cookie-policy\\\/\",\"url\":\"https:\\\/\\\/www.ecoonline.com\\\/fi\\\/cookie-policy\\\/\",\"name\":\"Ev\u00e4stek\u00e4yt\u00e4nt\u00f6 | EcoOnline\",\"isPartOf\":{\"@id\":\"https:\\\/\\\/www.ecoonline.com\\\/fi\\\/#website\"},\"datePublished\":\"2024-11-01T09:06:54+00:00\",\"dateModified\":\"2026-03-23T09:04:16+00:00\",\"description\":\"T\u00e4m\u00e4 verkkosivusto k\u00e4ytt\u00e4\u00e4 ev\u00e4steit\u00e4. K\u00e4yt\u00e4mme ev\u00e4steit\u00e4 personoidaksemme sis\u00e4lt\u00f6\u00e4 ja mainoksia, tarjotaksemme sosiaalisen median ominaisuuksia ja analysoidaksemme liikennett\u00e4mme.\",\"inLanguage\":\"fi\",\"potentialAction\":[{\"@type\":\"ReadAction\",\"target\":[\"https:\\\/\\\/www.ecoonline.com\\\/fi\\\/cookie-policy\\\/\"]}]},{\"@type\":\"WebSite\",\"@id\":\"https:\\\/\\\/www.ecoonline.com\\\/fi\\\/#website\",\"url\":\"https:\\\/\\\/www.ecoonline.com\\\/fi\\\/\",\"name\":\"EcoOnline\",\"description\":\"\",\"publisher\":{\"@id\":\"https:\\\/\\\/www.ecoonline.com\\\/fi\\\/#organization\"},\"potentialAction\":[{\"@type\":\"SearchAction\",\"target\":{\"@type\":\"EntryPoint\",\"urlTemplate\":\"https:\\\/\\\/www.ecoonline.com\\\/fi\\\/?s={search_term_string}\"},\"query-input\":{\"@type\":\"PropertyValueSpecification\",\"valueRequired\":true,\"valueName\":\"search_term_string\"}}],\"inLanguage\":\"fi\"},{\"@type\":\"Organization\",\"@id\":\"https:\\\/\\\/www.ecoonline.com\\\/fi\\\/#organization\",\"name\":\"EcoOnline\",\"url\":\"https:\\\/\\\/www.ecoonline.com\\\/fi\\\/\",\"logo\":{\"@type\":\"ImageObject\",\"inLanguage\":\"fi\",\"@id\":\"https:\\\/\\\/www.ecoonline.com\\\/fi\\\/#\\\/schema\\\/logo\\\/image\\\/\",\"url\":\"https:\\\/\\\/www.ecoonline.com\\\/wp-content\\\/uploads\\\/2024\\\/12\\\/ecoonline-logo.webp\",\"contentUrl\":\"https:\\\/\\\/www.ecoonline.com\\\/wp-content\\\/uploads\\\/2024\\\/12\\\/ecoonline-logo.webp\",\"width\":888,\"height\":613,\"caption\":\"EcoOnline\"},\"image\":{\"@id\":\"https:\\\/\\\/www.ecoonline.com\\\/fi\\\/#\\\/schema\\\/logo\\\/image\\\/\"}},{\"@type\":\"Person\",\"@id\":\"https:\\\/\\\/www.ecoonline.com\\\/fi\\\/#\\\/schema\\\/person\\\/22787b96c92120e097dbfc849629392a\",\"name\":\"Johan Hennius\",\"image\":{\"@type\":\"ImageObject\",\"inLanguage\":\"fi\",\"@id\":\"https:\\\/\\\/secure.gravatar.com\\\/avatar\\\/b89c9347e9e09bd67293022824d9f9ed322fc2fab9318747cd630353573e3052?s=96&d=mm&r=g\",\"url\":\"https:\\\/\\\/secure.gravatar.com\\\/avatar\\\/b89c9347e9e09bd67293022824d9f9ed322fc2fab9318747cd630353573e3052?s=96&d=mm&r=g\",\"contentUrl\":\"https:\\\/\\\/secure.gravatar.com\\\/avatar\\\/b89c9347e9e09bd67293022824d9f9ed322fc2fab9318747cd630353573e3052?s=96&d=mm&r=g\",\"caption\":\"Johan Hennius\"},\"sameAs\":[\"https:\\\/\\\/www.ecoonline.com\\\/\"]}]}<\/script>\n<!-- \/ Yoast SEO plugin. -->","yoast_head_json":{"title":"Ev\u00e4stek\u00e4yt\u00e4nt\u00f6 | EcoOnline","description":"T\u00e4m\u00e4 verkkosivusto k\u00e4ytt\u00e4\u00e4 ev\u00e4steit\u00e4. K\u00e4yt\u00e4mme ev\u00e4steit\u00e4 personoidaksemme sis\u00e4lt\u00f6\u00e4 ja mainoksia, tarjotaksemme sosiaalisen median ominaisuuksia ja analysoidaksemme liikennett\u00e4mme.","robots":{"index":"index","follow":"follow","max-snippet":"max-snippet:-1","max-image-preview":"max-image-preview:large","max-video-preview":"max-video-preview:-1"},"canonical":"https:\/\/www.ecoonline.com\/fi\/cookie-policy\/","og_locale":"fi_FI","og_type":"article","og_title":"Ev\u00e4stek\u00e4yt\u00e4nt\u00f6 | EcoOnline","og_description":"T\u00e4m\u00e4 verkkosivusto k\u00e4ytt\u00e4\u00e4 ev\u00e4steit\u00e4. K\u00e4yt\u00e4mme ev\u00e4steit\u00e4 personoidaksemme sis\u00e4lt\u00f6\u00e4 ja mainoksia, tarjotaksemme sosiaalisen median ominaisuuksia ja analysoidaksemme liikennett\u00e4mme.","og_url":"https:\/\/www.ecoonline.com\/fi\/cookie-policy\/","og_site_name":"EcoOnline","article_modified_time":"2026-03-23T09:04:16+00:00","twitter_card":"summary_large_image","twitter_misc":{"Arvioitu lukuaika":"2 minuuttia"},"schema":{"@context":"https:\/\/schema.org","@graph":[{"@type":"Article","@id":"https:\/\/www.ecoonline.com\/fi\/cookie-policy\/#article","isPartOf":{"@id":"https:\/\/www.ecoonline.com\/fi\/cookie-policy\/"},"author":{"name":"Johan Hennius","@id":"https:\/\/www.ecoonline.com\/fi\/#\/schema\/person\/22787b96c92120e097dbfc849629392a"},"headline":"Ev\u00e4stek\u00e4yt\u00e4nt\u00f6","datePublished":"2024-11-01T09:06:54+00:00","dateModified":"2026-03-23T09:04:16+00:00","mainEntityOfPage":{"@id":"https:\/\/www.ecoonline.com\/fi\/cookie-policy\/"},"wordCount":376,"publisher":{"@id":"https:\/\/www.ecoonline.com\/fi\/#organization"},"inLanguage":"fi"},{"@type":"WebPage","@id":"https:\/\/www.ecoonline.com\/fi\/cookie-policy\/","url":"https:\/\/www.ecoonline.com\/fi\/cookie-policy\/","name":"Ev\u00e4stek\u00e4yt\u00e4nt\u00f6 | EcoOnline","isPartOf":{"@id":"https:\/\/www.ecoonline.com\/fi\/#website"},"datePublished":"2024-11-01T09:06:54+00:00","dateModified":"2026-03-23T09:04:16+00:00","description":"T\u00e4m\u00e4 verkkosivusto k\u00e4ytt\u00e4\u00e4 ev\u00e4steit\u00e4. K\u00e4yt\u00e4mme ev\u00e4steit\u00e4 personoidaksemme sis\u00e4lt\u00f6\u00e4 ja mainoksia, tarjotaksemme sosiaalisen median ominaisuuksia ja analysoidaksemme liikennett\u00e4mme.","inLanguage":"fi","potentialAction":[{"@type":"ReadAction","target":["https:\/\/www.ecoonline.com\/fi\/cookie-policy\/"]}]},{"@type":"WebSite","@id":"https:\/\/www.ecoonline.com\/fi\/#website","url":"https:\/\/www.ecoonline.com\/fi\/","name":"EcoOnline","description":"","publisher":{"@id":"https:\/\/www.ecoonline.com\/fi\/#organization"},"potentialAction":[{"@type":"SearchAction","target":{"@type":"EntryPoint","urlTemplate":"https:\/\/www.ecoonline.com\/fi\/?s={search_term_string}"},"query-input":{"@type":"PropertyValueSpecification","valueRequired":true,"valueName":"search_term_string"}}],"inLanguage":"fi"},{"@type":"Organization","@id":"https:\/\/www.ecoonline.com\/fi\/#organization","name":"EcoOnline","url":"https:\/\/www.ecoonline.com\/fi\/","logo":{"@type":"ImageObject","inLanguage":"fi","@id":"https:\/\/www.ecoonline.com\/fi\/#\/schema\/logo\/image\/","url":"https:\/\/www.ecoonline.com\/wp-content\/uploads\/2024\/12\/ecoonline-logo.webp","contentUrl":"https:\/\/www.ecoonline.com\/wp-content\/uploads\/2024\/12\/ecoonline-logo.webp","width":888,"height":613,"caption":"EcoOnline"},"image":{"@id":"https:\/\/www.ecoonline.com\/fi\/#\/schema\/logo\/image\/"}},{"@type":"Person","@id":"https:\/\/www.ecoonline.com\/fi\/#\/schema\/person\/22787b96c92120e097dbfc849629392a","name":"Johan Hennius","image":{"@type":"ImageObject","inLanguage":"fi","@id":"https:\/\/secure.gravatar.com\/avatar\/b89c9347e9e09bd67293022824d9f9ed322fc2fab9318747cd630353573e3052?s=96&d=mm&r=g","url":"https:\/\/secure.gravatar.com\/avatar\/b89c9347e9e09bd67293022824d9f9ed322fc2fab9318747cd630353573e3052?s=96&d=mm&r=g","contentUrl":"https:\/\/secure.gravatar.com\/avatar\/b89c9347e9e09bd67293022824d9f9ed322fc2fab9318747cd630353573e3052?s=96&d=mm&r=g","caption":"Johan Hennius"},"sameAs":["https:\/\/www.ecoonline.com\/"]}]}},"_links":{"self":[{"href":"https:\/\/www.ecoonline.com\/fi\/wp-json\/wp\/v2\/pages\/31720","targetHints":{"allow":["GET"]}}],"collection":[{"href":"https:\/\/www.ecoonline.com\/fi\/wp-json\/wp\/v2\/pages"}],"about":[{"href":"https:\/\/www.ecoonline.com\/fi\/wp-json\/wp\/v2\/types\/page"}],"author":[{"embeddable":true,"href":"https:\/\/www.ecoonline.com\/fi\/wp-json\/wp\/v2\/users\/8"}],"replies":[{"embeddable":true,"href":"https:\/\/www.ecoonline.com\/fi\/wp-json\/wp\/v2\/comments?post=31720"}],"version-history":[{"count":2,"href":"https:\/\/www.ecoonline.com\/fi\/wp-json\/wp\/v2\/pages\/31720\/revisions"}],"predecessor-version":[{"id":142915,"href":"https:\/\/www.ecoonline.com\/fi\/wp-json\/wp\/v2\/pages\/31720\/revisions\/142915"}],"wp:attachment":[{"href":"https:\/\/www.ecoonline.com\/fi\/wp-json\/wp\/v2\/media?parent=31720"}],"curies":[{"name":"wp","href":"https:\/\/api.w.org\/{rel}","templated":true}]}}