{"id":31903,"date":"2024-11-27T09:37:18","date_gmt":"2024-11-27T09:37:18","guid":{"rendered":"https:\/\/www.ecoonline.com\/request-a-demo\/"},"modified":"2025-08-15T23:55:49","modified_gmt":"2025-08-15T22:55:49","slug":"request-a-demo","status":"publish","type":"page","link":"https:\/\/www.ecoonline.com\/fi\/request-a-demo\/","title":{"rendered":"Pyyd\u00e4 demo"},"content":{"rendered":"\n<section class=\"Pegasus__Container w-full   relative h-fit  text-content-dark mobile-stacking-standard is-layout-flow wp-block-pegasus-container-is-layout-flow has-background\" style=\"   ;background-image:url(&apos;https:\/\/www.ecoonline.com\/wp-content\/uploads\/2024\/11\/bg-form-dashboard.webp&apos;);background-position:50% 0;background-size:cover;\" id=\"demo-modal-container\">\n\t        \n\t\t\t\t\t\t\t\n\t\t\t\t\t\t\t<div class=\"row-background w-full h-full absolute top-0 left-0 overflow-hidden\" style=\"background-image:url('https:\/\/www.ecoonline.com\/wp-content\/uploads\/2024\/11\/bg-form-dashboard.webp');background-position:50% 0;\">\n<\/div>\n\t\t\t\t\n\t\t\t\t\t\t\n\t\t        \t\t\n\t\t\n\t\n\t\t\t<div class=\"relative h-full is-flex-layout flex flex-col justify-start  w-full\">\n\n<section class=\"Pegasus__Container w-full   relative h-fit  text-content-dark mobile-stacking-standard is-layout-flow wp-block-pegasus-container-is-layout-flow\" style=\"  padding-top:var(--wp--preset--spacing--50);padding-bottom:var(--wp--preset--spacing--50);padding-left:0;padding-right:0; \" >\n\t        \n\t\t\t\t\t\t\t\t<div class=\"row-background absolute w-full bottom-0 left-0 z-0 h-full \" style=\"background-color:#000000cc;\">\n<\/div>\n\t\t\t\t\n\t\t\t\t\t\t\n\t\t\t\t\t\t\n\t\t        \t\t\n\t\t\n\t\n\t\t\t<div class=\"relative h-full is-flex-layout flex flex-col justify-start  container\">\n\n<div class=\"wp-block-columns is-layout-flex wp-container-core-columns-is-layout-28f84493 wp-block-columns-is-layout-flex\">\n<div class=\"wp-block-column is-layout-flow wp-block-column-is-layout-flow\" style=\"flex-basis:15%\"><\/div>\n\n\n\n<div class=\"wp-block-column is-layout-flow wp-block-column-is-layout-flow\" style=\"flex-basis:70%\">\n<div class=\"wp-block-group has-white-background-color has-background has-global-padding is-layout-constrained wp-container-core-group-is-layout-21b780dc wp-block-group-is-layout-constrained\" style=\"border-radius:12px;padding-top:var(--wp--preset--spacing--40);padding-right:var(--wp--preset--spacing--20);padding-bottom:var(--wp--preset--spacing--40);padding-left:var(--wp--preset--spacing--20)\">\n<h1 class=\"wp-block-heading has-text-align-center has-x-large-font-size\">Hanki demo<\/h1>\n\n\n<div x-data=\"Form\" class=\"Form  flex flex-col gap-12\">\n\n    \n        <div class=\"Form__wrapper mx-auto max-w-[660px] scroll-mt-28\">\n        \n\t\t\t\t\t\t<script>\n\t\t\t\t\t\t\twindow.hsFormsOnReady = window.hsFormsOnReady || [];\n\t\t\t\t\t\t\twindow.hsFormsOnReady.push(()=>{\n\t\t\t\t\t\t\t\thbspt.forms.create({\n\t\t\t\t\t\t\t\t\tportalId: 144606870,\n\t\t\t\t\t\t\t\t\tformId: \"670902f1-9201-466a-9d7a-f1ce60559f1c\",\n\t\t\t\t\t\t\t\t\ttarget: \"#hbspt-form-1775468002000-9272188695\",\n\t\t\t\t\t\t\t\t\tregion: \"eu1\",\n\t\t\t\t\t\t\t\t\t\n\t\t\t\t\t\t\t})});\n\t\t\t\t\t\t<\/script>\n\t\t\t\t\t\t<div class=\"hbspt-form\" id=\"hbspt-form-1775468002000-9272188695\"><\/div>\n    <\/div>\n    \n<\/div>\n<\/div>\n<\/div>\n\n\n\n<div class=\"wp-block-column is-layout-flow wp-block-column-is-layout-flow\" style=\"flex-basis:15%\"><\/div>\n<\/div>\n\n<\/div>\n\t\t\n\t        <\/section>\n\n<\/div>\n\t\t\n\t        <\/section>\n","protected":false},"excerpt":{"rendered":"","protected":false},"author":8,"featured_media":0,"parent":0,"menu_order":0,"comment_status":"closed","ping_status":"closed","template":"","meta":{"_acf_changed":false,"content-type":"","footnotes":"","_links_to":"","_links_to_target":""},"class_list":["post-31903","page","type-page","status-publish","hentry"],"acf":[],"yoast_head":"<!-- This site is optimized with the Yoast SEO plugin v27.3 - https:\/\/yoast.com\/product\/yoast-seo-wordpress\/ -->\n<title>Pyyd\u00e4 demo | EcoOnline<\/title>\n<meta name=\"description\" content=\"Pyyd\u00e4 demo EcoOnlinen ymp\u00e4rist\u00f6nhallintaratkaisuista. Tehosta prosesseja ja kest\u00e4vyytt\u00e4.\" \/>\n<meta name=\"robots\" content=\"index, follow, max-snippet:-1, max-image-preview:large, max-video-preview:-1\" \/>\n<link rel=\"canonical\" href=\"https:\/\/www.ecoonline.com\/fi\/request-a-demo\/\" \/>\n<meta property=\"og:locale\" content=\"fi_FI\" \/>\n<meta property=\"og:type\" content=\"article\" \/>\n<meta property=\"og:title\" content=\"Pyyd\u00e4 demo | EcoOnline\" \/>\n<meta property=\"og:description\" content=\"Pyyd\u00e4 demo EcoOnlinen ymp\u00e4rist\u00f6nhallintaratkaisuista. Tehosta prosesseja ja kest\u00e4vyytt\u00e4.\" \/>\n<meta property=\"og:url\" content=\"https:\/\/www.ecoonline.com\/fi\/request-a-demo\/\" \/>\n<meta property=\"og:site_name\" content=\"EcoOnline\" \/>\n<meta property=\"article:modified_time\" content=\"2025-08-15T22:55:49+00:00\" \/>\n<meta name=\"twitter:card\" content=\"summary_large_image\" \/>\n<meta name=\"twitter:label1\" content=\"Arvioitu lukuaika\" \/>\n\t<meta name=\"twitter:data1\" content=\"1 minuutti\" \/>\n<script type=\"application\/ld+json\" class=\"yoast-schema-graph\">{\"@context\":\"https:\\\/\\\/schema.org\",\"@graph\":[{\"@type\":\"Article\",\"@id\":\"https:\\\/\\\/www.ecoonline.com\\\/fi\\\/request-a-demo\\\/#article\",\"isPartOf\":{\"@id\":\"https:\\\/\\\/www.ecoonline.com\\\/fi\\\/request-a-demo\\\/\"},\"author\":{\"name\":\"Johan Hennius\",\"@id\":\"https:\\\/\\\/www.ecoonline.com\\\/fi\\\/#\\\/schema\\\/person\\\/22787b96c92120e097dbfc849629392a\"},\"headline\":\"Pyyd\u00e4 demo\",\"datePublished\":\"2024-11-27T09:37:18+00:00\",\"dateModified\":\"2025-08-15T22:55:49+00:00\",\"mainEntityOfPage\":{\"@id\":\"https:\\\/\\\/www.ecoonline.com\\\/fi\\\/request-a-demo\\\/\"},\"wordCount\":4,\"publisher\":{\"@id\":\"https:\\\/\\\/www.ecoonline.com\\\/fi\\\/#organization\"},\"inLanguage\":\"fi\"},{\"@type\":\"WebPage\",\"@id\":\"https:\\\/\\\/www.ecoonline.com\\\/fi\\\/request-a-demo\\\/\",\"url\":\"https:\\\/\\\/www.ecoonline.com\\\/fi\\\/request-a-demo\\\/\",\"name\":\"Pyyd\u00e4 demo | EcoOnline\",\"isPartOf\":{\"@id\":\"https:\\\/\\\/www.ecoonline.com\\\/fi\\\/#website\"},\"datePublished\":\"2024-11-27T09:37:18+00:00\",\"dateModified\":\"2025-08-15T22:55:49+00:00\",\"description\":\"Pyyd\u00e4 demo EcoOnlinen ymp\u00e4rist\u00f6nhallintaratkaisuista. Tehosta prosesseja ja kest\u00e4vyytt\u00e4.\",\"inLanguage\":\"fi\",\"potentialAction\":[{\"@type\":\"ReadAction\",\"target\":[\"https:\\\/\\\/www.ecoonline.com\\\/fi\\\/request-a-demo\\\/\"]}]},{\"@type\":\"WebSite\",\"@id\":\"https:\\\/\\\/www.ecoonline.com\\\/fi\\\/#website\",\"url\":\"https:\\\/\\\/www.ecoonline.com\\\/fi\\\/\",\"name\":\"EcoOnline\",\"description\":\"\",\"publisher\":{\"@id\":\"https:\\\/\\\/www.ecoonline.com\\\/fi\\\/#organization\"},\"potentialAction\":[{\"@type\":\"SearchAction\",\"target\":{\"@type\":\"EntryPoint\",\"urlTemplate\":\"https:\\\/\\\/www.ecoonline.com\\\/fi\\\/?s={search_term_string}\"},\"query-input\":{\"@type\":\"PropertyValueSpecification\",\"valueRequired\":true,\"valueName\":\"search_term_string\"}}],\"inLanguage\":\"fi\"},{\"@type\":\"Organization\",\"@id\":\"https:\\\/\\\/www.ecoonline.com\\\/fi\\\/#organization\",\"name\":\"EcoOnline\",\"url\":\"https:\\\/\\\/www.ecoonline.com\\\/fi\\\/\",\"logo\":{\"@type\":\"ImageObject\",\"inLanguage\":\"fi\",\"@id\":\"https:\\\/\\\/www.ecoonline.com\\\/fi\\\/#\\\/schema\\\/logo\\\/image\\\/\",\"url\":\"https:\\\/\\\/www.ecoonline.com\\\/wp-content\\\/uploads\\\/2024\\\/12\\\/ecoonline-logo.webp\",\"contentUrl\":\"https:\\\/\\\/www.ecoonline.com\\\/wp-content\\\/uploads\\\/2024\\\/12\\\/ecoonline-logo.webp\",\"width\":888,\"height\":613,\"caption\":\"EcoOnline\"},\"image\":{\"@id\":\"https:\\\/\\\/www.ecoonline.com\\\/fi\\\/#\\\/schema\\\/logo\\\/image\\\/\"}},{\"@type\":\"Person\",\"@id\":\"https:\\\/\\\/www.ecoonline.com\\\/fi\\\/#\\\/schema\\\/person\\\/22787b96c92120e097dbfc849629392a\",\"name\":\"Johan Hennius\",\"image\":{\"@type\":\"ImageObject\",\"inLanguage\":\"fi\",\"@id\":\"https:\\\/\\\/secure.gravatar.com\\\/avatar\\\/b89c9347e9e09bd67293022824d9f9ed322fc2fab9318747cd630353573e3052?s=96&d=mm&r=g\",\"url\":\"https:\\\/\\\/secure.gravatar.com\\\/avatar\\\/b89c9347e9e09bd67293022824d9f9ed322fc2fab9318747cd630353573e3052?s=96&d=mm&r=g\",\"contentUrl\":\"https:\\\/\\\/secure.gravatar.com\\\/avatar\\\/b89c9347e9e09bd67293022824d9f9ed322fc2fab9318747cd630353573e3052?s=96&d=mm&r=g\",\"caption\":\"Johan Hennius\"},\"sameAs\":[\"https:\\\/\\\/www.ecoonline.com\\\/\"]}]}<\/script>\n<!-- \/ Yoast SEO plugin. -->","yoast_head_json":{"title":"Pyyd\u00e4 demo | EcoOnline","description":"Pyyd\u00e4 demo EcoOnlinen ymp\u00e4rist\u00f6nhallintaratkaisuista. Tehosta prosesseja ja kest\u00e4vyytt\u00e4.","robots":{"index":"index","follow":"follow","max-snippet":"max-snippet:-1","max-image-preview":"max-image-preview:large","max-video-preview":"max-video-preview:-1"},"canonical":"https:\/\/www.ecoonline.com\/fi\/request-a-demo\/","og_locale":"fi_FI","og_type":"article","og_title":"Pyyd\u00e4 demo | EcoOnline","og_description":"Pyyd\u00e4 demo EcoOnlinen ymp\u00e4rist\u00f6nhallintaratkaisuista. Tehosta prosesseja ja kest\u00e4vyytt\u00e4.","og_url":"https:\/\/www.ecoonline.com\/fi\/request-a-demo\/","og_site_name":"EcoOnline","article_modified_time":"2025-08-15T22:55:49+00:00","twitter_card":"summary_large_image","twitter_misc":{"Arvioitu lukuaika":"1 minuutti"},"schema":{"@context":"https:\/\/schema.org","@graph":[{"@type":"Article","@id":"https:\/\/www.ecoonline.com\/fi\/request-a-demo\/#article","isPartOf":{"@id":"https:\/\/www.ecoonline.com\/fi\/request-a-demo\/"},"author":{"name":"Johan Hennius","@id":"https:\/\/www.ecoonline.com\/fi\/#\/schema\/person\/22787b96c92120e097dbfc849629392a"},"headline":"Pyyd\u00e4 demo","datePublished":"2024-11-27T09:37:18+00:00","dateModified":"2025-08-15T22:55:49+00:00","mainEntityOfPage":{"@id":"https:\/\/www.ecoonline.com\/fi\/request-a-demo\/"},"wordCount":4,"publisher":{"@id":"https:\/\/www.ecoonline.com\/fi\/#organization"},"inLanguage":"fi"},{"@type":"WebPage","@id":"https:\/\/www.ecoonline.com\/fi\/request-a-demo\/","url":"https:\/\/www.ecoonline.com\/fi\/request-a-demo\/","name":"Pyyd\u00e4 demo | EcoOnline","isPartOf":{"@id":"https:\/\/www.ecoonline.com\/fi\/#website"},"datePublished":"2024-11-27T09:37:18+00:00","dateModified":"2025-08-15T22:55:49+00:00","description":"Pyyd\u00e4 demo EcoOnlinen ymp\u00e4rist\u00f6nhallintaratkaisuista. Tehosta prosesseja ja kest\u00e4vyytt\u00e4.","inLanguage":"fi","potentialAction":[{"@type":"ReadAction","target":["https:\/\/www.ecoonline.com\/fi\/request-a-demo\/"]}]},{"@type":"WebSite","@id":"https:\/\/www.ecoonline.com\/fi\/#website","url":"https:\/\/www.ecoonline.com\/fi\/","name":"EcoOnline","description":"","publisher":{"@id":"https:\/\/www.ecoonline.com\/fi\/#organization"},"potentialAction":[{"@type":"SearchAction","target":{"@type":"EntryPoint","urlTemplate":"https:\/\/www.ecoonline.com\/fi\/?s={search_term_string}"},"query-input":{"@type":"PropertyValueSpecification","valueRequired":true,"valueName":"search_term_string"}}],"inLanguage":"fi"},{"@type":"Organization","@id":"https:\/\/www.ecoonline.com\/fi\/#organization","name":"EcoOnline","url":"https:\/\/www.ecoonline.com\/fi\/","logo":{"@type":"ImageObject","inLanguage":"fi","@id":"https:\/\/www.ecoonline.com\/fi\/#\/schema\/logo\/image\/","url":"https:\/\/www.ecoonline.com\/wp-content\/uploads\/2024\/12\/ecoonline-logo.webp","contentUrl":"https:\/\/www.ecoonline.com\/wp-content\/uploads\/2024\/12\/ecoonline-logo.webp","width":888,"height":613,"caption":"EcoOnline"},"image":{"@id":"https:\/\/www.ecoonline.com\/fi\/#\/schema\/logo\/image\/"}},{"@type":"Person","@id":"https:\/\/www.ecoonline.com\/fi\/#\/schema\/person\/22787b96c92120e097dbfc849629392a","name":"Johan Hennius","image":{"@type":"ImageObject","inLanguage":"fi","@id":"https:\/\/secure.gravatar.com\/avatar\/b89c9347e9e09bd67293022824d9f9ed322fc2fab9318747cd630353573e3052?s=96&d=mm&r=g","url":"https:\/\/secure.gravatar.com\/avatar\/b89c9347e9e09bd67293022824d9f9ed322fc2fab9318747cd630353573e3052?s=96&d=mm&r=g","contentUrl":"https:\/\/secure.gravatar.com\/avatar\/b89c9347e9e09bd67293022824d9f9ed322fc2fab9318747cd630353573e3052?s=96&d=mm&r=g","caption":"Johan Hennius"},"sameAs":["https:\/\/www.ecoonline.com\/"]}]}},"_links":{"self":[{"href":"https:\/\/www.ecoonline.com\/fi\/wp-json\/wp\/v2\/pages\/31903","targetHints":{"allow":["GET"]}}],"collection":[{"href":"https:\/\/www.ecoonline.com\/fi\/wp-json\/wp\/v2\/pages"}],"about":[{"href":"https:\/\/www.ecoonline.com\/fi\/wp-json\/wp\/v2\/types\/page"}],"author":[{"embeddable":true,"href":"https:\/\/www.ecoonline.com\/fi\/wp-json\/wp\/v2\/users\/8"}],"replies":[{"embeddable":true,"href":"https:\/\/www.ecoonline.com\/fi\/wp-json\/wp\/v2\/comments?post=31903"}],"version-history":[{"count":0,"href":"https:\/\/www.ecoonline.com\/fi\/wp-json\/wp\/v2\/pages\/31903\/revisions"}],"wp:attachment":[{"href":"https:\/\/www.ecoonline.com\/fi\/wp-json\/wp\/v2\/media?parent=31903"}],"curies":[{"name":"wp","href":"https:\/\/api.w.org\/{rel}","templated":true}]}}