{"id":32883,"date":"2024-12-03T14:39:54","date_gmt":"2024-12-03T14:39:54","guid":{"rendered":"https:\/\/www.ecoonline.com\/recherche\/"},"modified":"2025-08-26T13:34:29","modified_gmt":"2025-08-26T12:34:29","slug":"recherche","status":"publish","type":"page","link":"https:\/\/www.ecoonline.com\/fr-ca\/recherche\/","title":{"rendered":"Recherche"},"content":{"rendered":"\n<section class=\"Pegasus__Container w-full   relative h-fit  text-content-light mobile-stacking-standard is-layout-flow wp-block-pegasus-container-is-layout-flow\" style=\"   \" >\n\t        \n\t\t\t\t\t\t\t\t<div class=\"row-background absolute w-full bottom-0 left-0 z-0 h-full has-teal-background-color\" style=\"\">\n<\/div>\n\t\t\t\t\n\t\t\t\t\t\t\n\t\t\t\t\t\t\n\t\t        \t\t\n\t\t\n\t\n\t\t\t<div class=\"relative h-full is-flex-layout flex flex-col justify-start  w-full\">\n\n<section class=\"Pegasus__Container w-full   relative h-fit  text-content-light mobile-stacking-standard is-layout-flow wp-block-pegasus-container-is-layout-flow has-background\" style=\"  padding-top:var(--wp--preset--spacing--50);padding-bottom:var(--wp--preset--spacing--30); ;background-image:url(&apos;https:\/\/www.ecoonline.com\/wp-content\/uploads\/2024\/10\/hero-bg.webp&apos;);background-position:100% 100%;background-repeat:no-repeat;background-size:contain;\" >\n\t        \n\t\t\t\t\t\t\t\n\t\t\t\t\t\t\t<div class=\"row-background w-full h-full absolute top-0 left-0 overflow-hidden\" style=\"background-image:url('https:\/\/www.ecoonline.com\/wp-content\/uploads\/2024\/10\/hero-bg.webp');background-position:100% 100%;background-repeat:no-repeat;background-size:contain;\">\n<\/div>\n\t\t\t\t\n\t\t\t\t\t\t\n\t\t        \t\t\n\t\t\n\t\n\t\t\t<div class=\"relative h-full is-flex-layout flex flex-col justify-start  container\">\n\n<h1 class=\"wp-block-heading has-text-align-center has-x-large-font-size\">How can we help?<\/h1>\n\n\n<div class=\"Search__Field\">\n\n    <form name=\"search\" id=\"search\" class=\"w-full sm:w-auto relative\" action=\"https:\/\/www.ecoonline.com\/fr-ca\/resultats-de-la-recherche\/\">\n            <input type=\"text\" name=\"search\" class=\"w-full search-field pl-10 py-[9.75px] pr-3 text-black rounded-full bg-white \" placeholder=\"Rechercher\">\n            <button type=\"submit\" class=\"absolute left-3 top-1\/2 transform -translate-y-1\/2\"><span class=\"sr-only\">Rechercher<\/span>\n            <svg xmlns=\"http:\/\/www.w3.org\/2000\/svg\" width=\"20\" height=\"20\" fill=\"none\"><path stroke=\"#161614\" stroke-linecap=\"round\" stroke-linejoin=\"round\" stroke-width=\"1.25\" d=\"M9.167 15.833a6.667 6.667 0 1 0 0-13.333 6.667 6.667 0 0 0 0 13.333ZM17.5 17.5l-3.625-3.625\"\/><\/svg>\n            <\/button>\n    <\/form>\n\n<\/div>\n\n<\/div>\n\t\t\n\t        <\/section>\n\n<\/div>\n\t\t\n\t        <\/section>\n\n\n\n<section class=\"Pegasus__Container w-full   relative h-fit  text-content-dark mobile-stacking-standard is-layout-flow wp-block-pegasus-container-is-layout-flow\" style=\"  padding-top:var(--wp--preset--spacing--30);padding-bottom:var(--wp--preset--spacing--30); \" >\n\t        \n\t\t\t\t\t\t\t\n\t\t\t\t\t\t\n\t\t\t\t\t\t\n\t\t        \t\t\n\t\t\n\t\n\t\t\t<div class=\"relative h-full is-flex-layout flex flex-col justify-start  container\">\n\n<p class=\"has-small-font-size\" style=\"letter-spacing:1px;text-transform:uppercase\">Sujets populaires<\/p>\n\n\n\n<div style=\"height:1vw\" aria-hidden=\"true\" class=\"wp-block-spacer\"><\/div>\n\n\n\n<div class=\"wp-block-group is-layout-grid wp-container-core-group-is-layout-4834aadb wp-block-group-is-layout-grid\"><a href=\"https:\/\/www.ecoonline.com\/search-results\/?search=Health+%26+Safety\" class=\"Link__Group group block \" style=\" \">\n\n    \n    <div class=\"acf-innerblocks-container\">\n\n<div class=\"wp-block-group has-clay-background-color has-background has-global-padding is-layout-constrained wp-container-core-group-is-layout-c385debf wp-block-group-is-layout-constrained\" style=\"border-radius:12px;padding-top:var(--wp--preset--spacing--20);padding-right:var(--wp--preset--spacing--20);padding-bottom:var(--wp--preset--spacing--20);padding-left:var(--wp--preset--spacing--20)\">\n<figure class=\"wp-block-image aligncenter size-full\"><img decoding=\"async\" src=\"https:\/\/www.ecoonline.com\/wp-content\/uploads\/2024\/11\/helmet.svg\" alt=\"helmet\" class=\"wp-image-10629\"\/><\/figure>\n\n\n\n<div style=\"height:1vw\" aria-hidden=\"true\" class=\"wp-block-spacer\"><\/div>\n\n\n\n<h2 class=\"wp-block-heading has-text-align-center has-medium-font-size\">Logiciel ESST<\/h2>\n\n\n\n<div style=\"height:0.5vw\" aria-hidden=\"true\" class=\"wp-block-spacer\"><\/div>\n\n\n\n<p class=\"has-text-align-center has-small-font-size\">Explorez nos ressources et solutions compl\u00e8tes pour assurer un environnement de travail sain et s\u00e9curitaire.<br><\/p>\n<\/div>\n\n<\/div>\n\n        \n\n<\/a>\n\n\n<a href=\"https:\/\/www.ecoonline.com\/search-results\/?search=Chemical+Safety\" class=\"Link__Group group block \" style=\" \">\n\n    \n    <div class=\"acf-innerblocks-container\">\n\n<div class=\"wp-block-group has-clay-background-color has-background has-global-padding is-layout-constrained wp-container-core-group-is-layout-c385debf wp-block-group-is-layout-constrained\" style=\"border-radius:12px;padding-top:var(--wp--preset--spacing--20);padding-right:var(--wp--preset--spacing--20);padding-bottom:var(--wp--preset--spacing--20);padding-left:var(--wp--preset--spacing--20)\">\n<figure class=\"wp-block-image aligncenter size-full\"><img decoding=\"async\" src=\"https:\/\/www.ecoonline.com\/wp-content\/uploads\/2024\/11\/chemical-manager.svg\" alt=\"chemical manager\" class=\"wp-image-10627\"\/><\/figure>\n\n\n\n<div style=\"height:1vw\" aria-hidden=\"true\" class=\"wp-block-spacer\"><\/div>\n\n\n\n<h2 class=\"wp-block-heading has-text-align-center has-medium-font-size\">S\u00e9curit\u00e9 chimique<\/h2>\n\n\n\n<div style=\"height:0.5vw\" aria-hidden=\"true\" class=\"wp-block-spacer\"><\/div>\n\n\n\n<p class=\"has-text-align-center has-small-font-size\">Manipulez les produits chimiques en toute confiance. Acc\u00e9dez aux directives essentielles, aux meilleures pratiques et aux informations de conformit\u00e9 pour assurer une utilisation et un stockage s\u00fbrs dans tous les milieux. <\/p>\n<\/div>\n\n<\/div>\n\n        \n\n<\/a>\n\n\n<a href=\"https:\/\/www.ecoonline.com\/search-results\/?search=Contact+Us\" class=\"Link__Group group block \" style=\" \">\n\n    \n    <div class=\"acf-innerblocks-container\">\n\n<div class=\"wp-block-group has-clay-background-color has-background has-global-padding is-layout-constrained wp-container-core-group-is-layout-c385debf wp-block-group-is-layout-constrained\" style=\"border-radius:12px;padding-top:var(--wp--preset--spacing--20);padding-right:var(--wp--preset--spacing--20);padding-bottom:var(--wp--preset--spacing--20);padding-left:var(--wp--preset--spacing--20)\">\n<figure class=\"wp-block-image aligncenter size-full\"><img decoding=\"async\" src=\"https:\/\/www.ecoonline.com\/wp-content\/uploads\/2024\/11\/calls-all-1-1.svg\" alt=\"calls&#8211;all 1\" class=\"wp-image-10621\"\/><\/figure>\n\n\n\n<div style=\"height:1vw\" aria-hidden=\"true\" class=\"wp-block-spacer\"><\/div>\n\n\n\n<h2 class=\"wp-block-heading has-text-align-center has-medium-font-size\">Contactez<\/h2>\n\n\n\n<div style=\"height:0.5vw\" aria-hidden=\"true\" class=\"wp-block-spacer\"><\/div>\n\n\n\n<p class=\"has-text-align-center has-small-font-size\">Vous avez une question ou besoin d\u2019aide? Notre \u00e9quipe est l\u00e0 pour vous aider. Contactez-nous d\u00e8s aujourd\u2019hui et nous vous fournirons le soutien dont vous avez besoin.  <\/p>\n<\/div>\n\n<\/div>\n\n        \n\n<\/a>\n<\/div>\n\n<\/div>\n\t\t\n\t        <\/section>\n","protected":false},"excerpt":{"rendered":"","protected":false},"author":8,"featured_media":0,"parent":0,"menu_order":0,"comment_status":"closed","ping_status":"closed","template":"","meta":{"_acf_changed":false,"content-type":"","footnotes":"","_links_to":"","_links_to_target":""},"class_list":["post-32883","page","type-page","status-publish","hentry"],"acf":[],"yoast_head":"<!-- This site is optimized with the Yoast SEO plugin v27.3 - https:\/\/yoast.com\/product\/yoast-seo-wordpress\/ -->\n<title>Recherche | EcoOnline<\/title>\n<meta name=\"robots\" content=\"noindex, follow\" \/>\n<meta property=\"og:locale\" content=\"fr_CA\" \/>\n<meta property=\"og:type\" content=\"article\" \/>\n<meta property=\"og:title\" content=\"Recherche | EcoOnline\" \/>\n<meta property=\"og:url\" content=\"https:\/\/www.ecoonline.com\/fr-ca\/recherche\/\" \/>\n<meta property=\"og:site_name\" content=\"EcoOnline\" \/>\n<meta property=\"article:modified_time\" content=\"2025-08-26T12:34:29+00:00\" \/>\n<meta name=\"twitter:card\" content=\"summary_large_image\" \/>\n<meta name=\"twitter:label1\" content=\"Estimation du temps de lecture\" \/>\n\t<meta name=\"twitter:data1\" content=\"1 minute\" \/>\n<script type=\"application\/ld+json\" class=\"yoast-schema-graph\">{\"@context\":\"https:\\\/\\\/schema.org\",\"@graph\":[{\"@type\":\"Article\",\"@id\":\"https:\\\/\\\/www.ecoonline.com\\\/fr-ca\\\/recherche\\\/#article\",\"isPartOf\":{\"@id\":\"https:\\\/\\\/www.ecoonline.com\\\/fr-ca\\\/recherche\\\/\"},\"author\":{\"name\":\"Johan Hennius\",\"@id\":\"https:\\\/\\\/www.ecoonline.com\\\/fr-ca\\\/#\\\/schema\\\/person\\\/22787b96c92120e097dbfc849629392a\"},\"headline\":\"Recherche\",\"datePublished\":\"2024-12-03T14:39:54+00:00\",\"dateModified\":\"2025-08-26T12:34:29+00:00\",\"mainEntityOfPage\":{\"@id\":\"https:\\\/\\\/www.ecoonline.com\\\/fr-ca\\\/recherche\\\/\"},\"wordCount\":93,\"publisher\":{\"@id\":\"https:\\\/\\\/www.ecoonline.com\\\/fr-ca\\\/#organization\"},\"image\":{\"@id\":\"https:\\\/\\\/www.ecoonline.com\\\/fr-ca\\\/recherche\\\/#primaryimage\"},\"thumbnailUrl\":\"https:\\\/\\\/www.ecoonline.com\\\/wp-content\\\/uploads\\\/2024\\\/11\\\/helmet.svg\",\"inLanguage\":\"fr-CA\"},{\"@type\":\"WebPage\",\"@id\":\"https:\\\/\\\/www.ecoonline.com\\\/fr-ca\\\/recherche\\\/\",\"url\":\"https:\\\/\\\/www.ecoonline.com\\\/fr-ca\\\/recherche\\\/\",\"name\":\"Recherche | EcoOnline\",\"isPartOf\":{\"@id\":\"https:\\\/\\\/www.ecoonline.com\\\/fr-ca\\\/#website\"},\"primaryImageOfPage\":{\"@id\":\"https:\\\/\\\/www.ecoonline.com\\\/fr-ca\\\/recherche\\\/#primaryimage\"},\"image\":{\"@id\":\"https:\\\/\\\/www.ecoonline.com\\\/fr-ca\\\/recherche\\\/#primaryimage\"},\"thumbnailUrl\":\"https:\\\/\\\/www.ecoonline.com\\\/wp-content\\\/uploads\\\/2024\\\/11\\\/helmet.svg\",\"datePublished\":\"2024-12-03T14:39:54+00:00\",\"dateModified\":\"2025-08-26T12:34:29+00:00\",\"inLanguage\":\"fr-CA\",\"potentialAction\":[{\"@type\":\"ReadAction\",\"target\":[\"https:\\\/\\\/www.ecoonline.com\\\/fr-ca\\\/recherche\\\/\"]}]},{\"@type\":\"ImageObject\",\"inLanguage\":\"fr-CA\",\"@id\":\"https:\\\/\\\/www.ecoonline.com\\\/fr-ca\\\/recherche\\\/#primaryimage\",\"url\":\"https:\\\/\\\/www.ecoonline.com\\\/wp-content\\\/uploads\\\/2024\\\/11\\\/helmet.svg\",\"contentUrl\":\"https:\\\/\\\/www.ecoonline.com\\\/wp-content\\\/uploads\\\/2024\\\/11\\\/helmet.svg\"},{\"@type\":\"WebSite\",\"@id\":\"https:\\\/\\\/www.ecoonline.com\\\/fr-ca\\\/#website\",\"url\":\"https:\\\/\\\/www.ecoonline.com\\\/fr-ca\\\/\",\"name\":\"EcoOnline\",\"description\":\"\",\"publisher\":{\"@id\":\"https:\\\/\\\/www.ecoonline.com\\\/fr-ca\\\/#organization\"},\"potentialAction\":[{\"@type\":\"SearchAction\",\"target\":{\"@type\":\"EntryPoint\",\"urlTemplate\":\"https:\\\/\\\/www.ecoonline.com\\\/fr-ca\\\/?s={search_term_string}\"},\"query-input\":{\"@type\":\"PropertyValueSpecification\",\"valueRequired\":true,\"valueName\":\"search_term_string\"}}],\"inLanguage\":\"fr-CA\"},{\"@type\":\"Organization\",\"@id\":\"https:\\\/\\\/www.ecoonline.com\\\/fr-ca\\\/#organization\",\"name\":\"EcoOnline\",\"url\":\"https:\\\/\\\/www.ecoonline.com\\\/fr-ca\\\/\",\"logo\":{\"@type\":\"ImageObject\",\"inLanguage\":\"fr-CA\",\"@id\":\"https:\\\/\\\/www.ecoonline.com\\\/fr-ca\\\/#\\\/schema\\\/logo\\\/image\\\/\",\"url\":\"https:\\\/\\\/www.ecoonline.com\\\/wp-content\\\/uploads\\\/2024\\\/12\\\/ecoonline-logo.webp\",\"contentUrl\":\"https:\\\/\\\/www.ecoonline.com\\\/wp-content\\\/uploads\\\/2024\\\/12\\\/ecoonline-logo.webp\",\"width\":888,\"height\":613,\"caption\":\"EcoOnline\"},\"image\":{\"@id\":\"https:\\\/\\\/www.ecoonline.com\\\/fr-ca\\\/#\\\/schema\\\/logo\\\/image\\\/\"}},{\"@type\":\"Person\",\"@id\":\"https:\\\/\\\/www.ecoonline.com\\\/fr-ca\\\/#\\\/schema\\\/person\\\/22787b96c92120e097dbfc849629392a\",\"name\":\"Johan Hennius\",\"image\":{\"@type\":\"ImageObject\",\"inLanguage\":\"fr-CA\",\"@id\":\"https:\\\/\\\/secure.gravatar.com\\\/avatar\\\/b89c9347e9e09bd67293022824d9f9ed322fc2fab9318747cd630353573e3052?s=96&d=mm&r=g\",\"url\":\"https:\\\/\\\/secure.gravatar.com\\\/avatar\\\/b89c9347e9e09bd67293022824d9f9ed322fc2fab9318747cd630353573e3052?s=96&d=mm&r=g\",\"contentUrl\":\"https:\\\/\\\/secure.gravatar.com\\\/avatar\\\/b89c9347e9e09bd67293022824d9f9ed322fc2fab9318747cd630353573e3052?s=96&d=mm&r=g\",\"caption\":\"Johan Hennius\"},\"sameAs\":[\"https:\\\/\\\/www.ecoonline.com\\\/\"]}]}<\/script>\n<!-- \/ Yoast SEO plugin. -->","yoast_head_json":{"title":"Recherche | EcoOnline","robots":{"index":"noindex","follow":"follow"},"og_locale":"fr_CA","og_type":"article","og_title":"Recherche | EcoOnline","og_url":"https:\/\/www.ecoonline.com\/fr-ca\/recherche\/","og_site_name":"EcoOnline","article_modified_time":"2025-08-26T12:34:29+00:00","twitter_card":"summary_large_image","twitter_misc":{"Estimation du temps de lecture":"1 minute"},"schema":{"@context":"https:\/\/schema.org","@graph":[{"@type":"Article","@id":"https:\/\/www.ecoonline.com\/fr-ca\/recherche\/#article","isPartOf":{"@id":"https:\/\/www.ecoonline.com\/fr-ca\/recherche\/"},"author":{"name":"Johan Hennius","@id":"https:\/\/www.ecoonline.com\/fr-ca\/#\/schema\/person\/22787b96c92120e097dbfc849629392a"},"headline":"Recherche","datePublished":"2024-12-03T14:39:54+00:00","dateModified":"2025-08-26T12:34:29+00:00","mainEntityOfPage":{"@id":"https:\/\/www.ecoonline.com\/fr-ca\/recherche\/"},"wordCount":93,"publisher":{"@id":"https:\/\/www.ecoonline.com\/fr-ca\/#organization"},"image":{"@id":"https:\/\/www.ecoonline.com\/fr-ca\/recherche\/#primaryimage"},"thumbnailUrl":"https:\/\/www.ecoonline.com\/wp-content\/uploads\/2024\/11\/helmet.svg","inLanguage":"fr-CA"},{"@type":"WebPage","@id":"https:\/\/www.ecoonline.com\/fr-ca\/recherche\/","url":"https:\/\/www.ecoonline.com\/fr-ca\/recherche\/","name":"Recherche | EcoOnline","isPartOf":{"@id":"https:\/\/www.ecoonline.com\/fr-ca\/#website"},"primaryImageOfPage":{"@id":"https:\/\/www.ecoonline.com\/fr-ca\/recherche\/#primaryimage"},"image":{"@id":"https:\/\/www.ecoonline.com\/fr-ca\/recherche\/#primaryimage"},"thumbnailUrl":"https:\/\/www.ecoonline.com\/wp-content\/uploads\/2024\/11\/helmet.svg","datePublished":"2024-12-03T14:39:54+00:00","dateModified":"2025-08-26T12:34:29+00:00","inLanguage":"fr-CA","potentialAction":[{"@type":"ReadAction","target":["https:\/\/www.ecoonline.com\/fr-ca\/recherche\/"]}]},{"@type":"ImageObject","inLanguage":"fr-CA","@id":"https:\/\/www.ecoonline.com\/fr-ca\/recherche\/#primaryimage","url":"https:\/\/www.ecoonline.com\/wp-content\/uploads\/2024\/11\/helmet.svg","contentUrl":"https:\/\/www.ecoonline.com\/wp-content\/uploads\/2024\/11\/helmet.svg"},{"@type":"WebSite","@id":"https:\/\/www.ecoonline.com\/fr-ca\/#website","url":"https:\/\/www.ecoonline.com\/fr-ca\/","name":"EcoOnline","description":"","publisher":{"@id":"https:\/\/www.ecoonline.com\/fr-ca\/#organization"},"potentialAction":[{"@type":"SearchAction","target":{"@type":"EntryPoint","urlTemplate":"https:\/\/www.ecoonline.com\/fr-ca\/?s={search_term_string}"},"query-input":{"@type":"PropertyValueSpecification","valueRequired":true,"valueName":"search_term_string"}}],"inLanguage":"fr-CA"},{"@type":"Organization","@id":"https:\/\/www.ecoonline.com\/fr-ca\/#organization","name":"EcoOnline","url":"https:\/\/www.ecoonline.com\/fr-ca\/","logo":{"@type":"ImageObject","inLanguage":"fr-CA","@id":"https:\/\/www.ecoonline.com\/fr-ca\/#\/schema\/logo\/image\/","url":"https:\/\/www.ecoonline.com\/wp-content\/uploads\/2024\/12\/ecoonline-logo.webp","contentUrl":"https:\/\/www.ecoonline.com\/wp-content\/uploads\/2024\/12\/ecoonline-logo.webp","width":888,"height":613,"caption":"EcoOnline"},"image":{"@id":"https:\/\/www.ecoonline.com\/fr-ca\/#\/schema\/logo\/image\/"}},{"@type":"Person","@id":"https:\/\/www.ecoonline.com\/fr-ca\/#\/schema\/person\/22787b96c92120e097dbfc849629392a","name":"Johan Hennius","image":{"@type":"ImageObject","inLanguage":"fr-CA","@id":"https:\/\/secure.gravatar.com\/avatar\/b89c9347e9e09bd67293022824d9f9ed322fc2fab9318747cd630353573e3052?s=96&d=mm&r=g","url":"https:\/\/secure.gravatar.com\/avatar\/b89c9347e9e09bd67293022824d9f9ed322fc2fab9318747cd630353573e3052?s=96&d=mm&r=g","contentUrl":"https:\/\/secure.gravatar.com\/avatar\/b89c9347e9e09bd67293022824d9f9ed322fc2fab9318747cd630353573e3052?s=96&d=mm&r=g","caption":"Johan Hennius"},"sameAs":["https:\/\/www.ecoonline.com\/"]}]}},"_links":{"self":[{"href":"https:\/\/www.ecoonline.com\/fr-ca\/wp-json\/wp\/v2\/pages\/32883","targetHints":{"allow":["GET"]}}],"collection":[{"href":"https:\/\/www.ecoonline.com\/fr-ca\/wp-json\/wp\/v2\/pages"}],"about":[{"href":"https:\/\/www.ecoonline.com\/fr-ca\/wp-json\/wp\/v2\/types\/page"}],"author":[{"embeddable":true,"href":"https:\/\/www.ecoonline.com\/fr-ca\/wp-json\/wp\/v2\/users\/8"}],"replies":[{"embeddable":true,"href":"https:\/\/www.ecoonline.com\/fr-ca\/wp-json\/wp\/v2\/comments?post=32883"}],"version-history":[{"count":0,"href":"https:\/\/www.ecoonline.com\/fr-ca\/wp-json\/wp\/v2\/pages\/32883\/revisions"}],"wp:attachment":[{"href":"https:\/\/www.ecoonline.com\/fr-ca\/wp-json\/wp\/v2\/media?parent=32883"}],"curies":[{"name":"wp","href":"https:\/\/api.w.org\/{rel}","templated":true}]}}