{"id":36927,"date":"2024-12-06T15:14:50","date_gmt":"2024-12-06T15:14:50","guid":{"rendered":"https:\/\/www.ecoonline.com\/politique-de-cookies\/"},"modified":"2026-03-23T09:05:08","modified_gmt":"2026-03-23T09:05:08","slug":"politique-de-cookies","status":"publish","type":"page","link":"https:\/\/www.ecoonline.com\/fr-ca\/politique-de-cookies\/","title":{"rendered":"Politique en mati\u00e8re de cookies"},"content":{"rendered":"\n<section class=\"Pegasus__Container w-full   relative h-fit  text-content-light mobile-stacking-Norme is-layout-flow wp-block-pegasus-container-is-layout-flow\" style=\"  padding-top:var(--wp--preset--spacing--30);padding-bottom:var(--wp--preset--spacing--30); \" >\n\t        \n\t\t\t\t\t\t\t\t<div class=\"row-background absolute w-full bottom-0 left-0 z-0 h-full has-teal-background-color\" style=\"\">\n<\/div>\n\t\t\t\t\n\t\t\t\t\t\t\n\t\t\t\t\t\t\n\t\t        \t\t\n\t\t\n\t\n\t\t\t<div class=\"relative h-full is-flex-layout flex flex-col justify-start  container\">\n\n<h1 class=\"wp-block-heading has-text-align-left has-xx-large-font-size\">Politique en mati\u00e8re de cookies<\/h1>\n\n<\/div>\n\t\t\n\t        <\/section>\n\n<section class=\"Pegasus__Container w-full   relative h-fit  text-content-dark mobile-stacking-Norme is-layout-flow wp-block-pegasus-container-is-layout-flow\" style=\"  padding-top:var(--wp--preset--spacing--30);padding-bottom:var(--wp--preset--spacing--30); \" >\n\t        \n\t\t\t\t\t\t\t\n\t\t\t\t\t\t\n\t\t\t\t\t\t\n\t\t        \t\t\n\t\t\n\t\n\t\t\t<div class=\"relative h-full is-flex-layout flex flex-col justify-start  container\">\n\n<p>Ce site Web utilise des cookies. Nous utilisons des cookies pour personnaliser le contenu et les publicit\u00e9s, pour fournir des fonctionnalit\u00e9s de m\u00e9dias sociaux et pour analyser notre trafic. <\/p>\n\n\n\n<div style=\"height:2vw\" aria-hidden=\"true\" class=\"wp-block-spacer\"><\/div>\n\n\n\n<h2 class=\"wp-block-heading has-large-font-size\">\u00c0 propos des cookies<\/h2>\n\n\n\n<h2>Que sont les cookies ?<\/h2>\n\n\n\n<p><\/p>\n\n\n\n<p>Cette politique en mati\u00e8re de cookies explique ce que sont les cookies et comment nous les utilisons, les types de cookies que nous utilisons, c\u2019est-\u00e0-dire les informations que nous recueillons \u00e0 l\u2019aide de cookies et comment ces informations sont utilis\u00e9es, et comment g\u00e9rer les param\u00e8tres des cookies.<\/p>\n\n\n\n<p>Les cookies sont de petits fichiers texte qui sont utilis\u00e9s pour stocker de petits \u00e9l\u00e9ments d\u2019information. Ils sont stock\u00e9s sur votre appareil lorsque le site Web est charg\u00e9 sur votre navigateur. Ces cookies nous aident \u00e0 faire fonctionner le site Web correctement, \u00e0 le rendre plus s\u00e9curis\u00e9, \u00e0 fournir une meilleure exp\u00e9rience utilisateur, \u00e0 comprendre les performances du site Web et \u00e0 analyser ce qui fonctionne et o\u00f9 il doit \u00eatre am\u00e9lior\u00e9.  <\/p>\n\n\n\n<p><\/p>\n\n\n\n<h2>Comment utilisons-nous les cookies ?<\/h2>\n\n\n\n<p><\/p>\n\n\n\n<p>Comme la plupart des services en ligne, notre site Web utilise des cookies internes et tiers \u00e0 plusieurs fins. Les cookies internes sont principalement n\u00e9cessaires pour que le site Web fonctionne de la bonne mani\u00e8re, et ils ne collectent aucune de vos donn\u00e9es personnellement identifiables. <\/p>\n\n\n\n<p id=\"CookieDeclarationConsentIdAndDate\">Les cookies tiers utilis\u00e9s sur notre site Web sont principalement destin\u00e9s \u00e0 comprendre les performances du site Web, \u00e0 interagir avec notre site Web, \u00e0 assurer la s\u00e9curit\u00e9 de nos services, \u00e0 fournir des publicit\u00e9s qui vous concernent et, dans l\u2019ensemble, \u00e0 vous fournir une exp\u00e9rience utilisateur meilleure et am\u00e9lior\u00e9e et \u00e0 acc\u00e9l\u00e9rer vos interactions futures avec notre site Web.<\/p>\n\n\n\n<h5>Types de cookies que nous utilisons<\/h5>\n\n    <div class=\"cky-audit-table-element\"><\/div>\n\n\n\n<h2>G\u00e9rer les pr\u00e9f\u00e9rences en mati\u00e8re de cookies<\/h2>\n<a class=\"cky-banner-element\">Param\u00e8tres des cookies<\/a> <br\/>\n\n\n\n<p>Vous pouvez modifier vos pr\u00e9f\u00e9rences en mati\u00e8re de cookies \u00e0 tout moment en cliquant sur le bouton ci-dessus. Cela vous permettra de revoir la banni\u00e8re de consentement aux cookies et de modifier vos pr\u00e9f\u00e9rences ou de retirer votre consentement imm\u00e9diatement. <\/p>\n\n\n\n<p>En plus de cela, diff\u00e9rents navigateurs fournissent diff\u00e9rentes m\u00e9thodes pour bloquer et supprimer les cookies utilis\u00e9s par les sites Web. Vous pouvez modifier les param\u00e8tres de votre navigateur pour bloquer\/supprimer les cookies. Vous trouverez ci-dessous les liens vers les documents d\u2019assistance sur la fa\u00e7on de g\u00e9rer et de supprimer les cookies des principaux navigateurs Web.  <\/p>\n\n\n\nhref=\u00a0\u00bbhttps:\/\/support.google.com\/accounts\/answer\/32050&Prime;>https:\/\/support.google.com\/accounts\/answer\/32050<p>Safari\u00a0: <a target=\"_blank\" href=\"https:\/\/support.apple.com\/en-in\/guide\/safari\/sfri11471\/mac\">https:\/\/support.apple.com\/en-in\/guide\/safari\/sfri11471\/mac<\/a><\/p><p>Firefox : <a target=\"_blank\" href=\"https:\/\/support.mozilla.org\/en-US\/kb\/clear-cookies-and-site-data-firefox?redirectslug=delete-cookies-remove-info-websites-stored&#038;redirectlocale=en-US\">https:\/\/support.mozilla.org\/en-US\/kb\/clear-cookies-and-site-data-firefox?redirectslug=delete-cookies-remove-info-websites-stored&#038;redirectlocale=en-US<\/a><\/p><p>Internet Explorer : <a target=\"_blank\" href=\"https:\/\/support.microsoft.com\/en-us\/topic\/how-to-delete-cookie-files-in-internet-explorer-bca9446f-d873-78de-77ba-d42645fa52fc\">https:\/\/support.microsoft.com\/en-us\/topic\/how-to-delete-cookie-files-in-internet-explorer-bca9446f-d873-78de-77ba-d42645fa52fc<\/a><\/p><p>Si vous utilisez un autre navigateur Web, veuillez visiter les documents d\u2019assistance officiels de votre navigateur.<\/p>\n<\/div>\n\t\t\n\t        <\/section>\n","protected":false},"excerpt":{"rendered":"","protected":false},"author":8,"featured_media":0,"parent":0,"menu_order":0,"comment_status":"closed","ping_status":"closed","template":"","meta":{"_acf_changed":false,"content-type":"","footnotes":"","_links_to":"","_links_to_target":""},"class_list":["post-36927","page","type-page","status-publish","hentry"],"acf":[],"yoast_head":"<!-- This site is optimized with the Yoast SEO plugin v27.3 - https:\/\/yoast.com\/product\/yoast-seo-wordpress\/ -->\n<title>Politique en mati\u00e8re de cookies | \u00c9coen en ligne<\/title>\n<meta name=\"description\" content=\"Ce site Web utilise des cookies. Nous utilisons des cookies pour personnaliser le contenu et les publicit\u00e9s, pour fournir des fonctionnalit\u00e9s de m\u00e9dias sociaux et pour analyser notre trafic.\" \/>\n<meta name=\"robots\" content=\"index, follow, max-snippet:-1, max-image-preview:large, max-video-preview:-1\" \/>\n<link rel=\"canonical\" href=\"https:\/\/www.ecoonline.com\/fr-ca\/politique-de-cookies\/\" \/>\n<meta property=\"og:locale\" content=\"fr_CA\" \/>\n<meta property=\"og:type\" content=\"article\" \/>\n<meta property=\"og:title\" content=\"Politique en mati\u00e8re de cookies | \u00c9coen en ligne\" \/>\n<meta property=\"og:description\" content=\"Ce site Web utilise des cookies. Nous utilisons des cookies pour personnaliser le contenu et les publicit\u00e9s, pour fournir des fonctionnalit\u00e9s de m\u00e9dias sociaux et pour analyser notre trafic.\" \/>\n<meta property=\"og:url\" content=\"https:\/\/www.ecoonline.com\/fr-ca\/politique-de-cookies\/\" \/>\n<meta property=\"og:site_name\" content=\"EcoOnline\" \/>\n<meta property=\"article:modified_time\" content=\"2026-03-23T09:05:08+00:00\" \/>\n<meta name=\"twitter:card\" content=\"summary_large_image\" \/>\n<script type=\"application\/ld+json\" class=\"yoast-schema-graph\">{\"@context\":\"https:\\\/\\\/schema.org\",\"@graph\":[{\"@type\":\"Article\",\"@id\":\"https:\\\/\\\/www.ecoonline.com\\\/fr-ca\\\/politique-de-cookies\\\/#article\",\"isPartOf\":{\"@id\":\"https:\\\/\\\/www.ecoonline.com\\\/fr-ca\\\/politique-de-cookies\\\/\"},\"author\":{\"name\":\"Johan Hennius\",\"@id\":\"https:\\\/\\\/www.ecoonline.com\\\/fr-ca\\\/#\\\/schema\\\/person\\\/22787b96c92120e097dbfc849629392a\"},\"headline\":\"Politique en mati\u00e8re de cookies\",\"datePublished\":\"2024-12-06T15:14:50+00:00\",\"dateModified\":\"2026-03-23T09:05:08+00:00\",\"mainEntityOfPage\":{\"@id\":\"https:\\\/\\\/www.ecoonline.com\\\/fr-ca\\\/politique-de-cookies\\\/\"},\"wordCount\":491,\"publisher\":{\"@id\":\"https:\\\/\\\/www.ecoonline.com\\\/fr-ca\\\/#organization\"},\"inLanguage\":\"fr-CA\"},{\"@type\":\"WebPage\",\"@id\":\"https:\\\/\\\/www.ecoonline.com\\\/fr-ca\\\/politique-de-cookies\\\/\",\"url\":\"https:\\\/\\\/www.ecoonline.com\\\/fr-ca\\\/politique-de-cookies\\\/\",\"name\":\"Politique en mati\u00e8re de cookies | \u00c9coen en ligne\",\"isPartOf\":{\"@id\":\"https:\\\/\\\/www.ecoonline.com\\\/fr-ca\\\/#website\"},\"datePublished\":\"2024-12-06T15:14:50+00:00\",\"dateModified\":\"2026-03-23T09:05:08+00:00\",\"description\":\"Ce site Web utilise des cookies. Nous utilisons des cookies pour personnaliser le contenu et les publicit\u00e9s, pour fournir des fonctionnalit\u00e9s de m\u00e9dias sociaux et pour analyser notre trafic.\",\"inLanguage\":\"fr-CA\",\"potentialAction\":[{\"@type\":\"ReadAction\",\"target\":[\"https:\\\/\\\/www.ecoonline.com\\\/fr-ca\\\/politique-de-cookies\\\/\"]}]},{\"@type\":\"WebSite\",\"@id\":\"https:\\\/\\\/www.ecoonline.com\\\/fr-ca\\\/#website\",\"url\":\"https:\\\/\\\/www.ecoonline.com\\\/fr-ca\\\/\",\"name\":\"EcoOnline\",\"description\":\"\",\"publisher\":{\"@id\":\"https:\\\/\\\/www.ecoonline.com\\\/fr-ca\\\/#organization\"},\"potentialAction\":[{\"@type\":\"SearchAction\",\"target\":{\"@type\":\"EntryPoint\",\"urlTemplate\":\"https:\\\/\\\/www.ecoonline.com\\\/fr-ca\\\/?s={search_term_string}\"},\"query-input\":{\"@type\":\"PropertyValueSpecification\",\"valueRequired\":true,\"valueName\":\"search_term_string\"}}],\"inLanguage\":\"fr-CA\"},{\"@type\":\"Organization\",\"@id\":\"https:\\\/\\\/www.ecoonline.com\\\/fr-ca\\\/#organization\",\"name\":\"EcoOnline\",\"url\":\"https:\\\/\\\/www.ecoonline.com\\\/fr-ca\\\/\",\"logo\":{\"@type\":\"ImageObject\",\"inLanguage\":\"fr-CA\",\"@id\":\"https:\\\/\\\/www.ecoonline.com\\\/fr-ca\\\/#\\\/schema\\\/logo\\\/image\\\/\",\"url\":\"https:\\\/\\\/www.ecoonline.com\\\/wp-content\\\/uploads\\\/2024\\\/12\\\/ecoonline-logo.webp\",\"contentUrl\":\"https:\\\/\\\/www.ecoonline.com\\\/wp-content\\\/uploads\\\/2024\\\/12\\\/ecoonline-logo.webp\",\"width\":888,\"height\":613,\"caption\":\"EcoOnline\"},\"image\":{\"@id\":\"https:\\\/\\\/www.ecoonline.com\\\/fr-ca\\\/#\\\/schema\\\/logo\\\/image\\\/\"}},{\"@type\":\"Person\",\"@id\":\"https:\\\/\\\/www.ecoonline.com\\\/fr-ca\\\/#\\\/schema\\\/person\\\/22787b96c92120e097dbfc849629392a\",\"name\":\"Johan Hennius\",\"image\":{\"@type\":\"ImageObject\",\"inLanguage\":\"fr-CA\",\"@id\":\"https:\\\/\\\/secure.gravatar.com\\\/avatar\\\/b89c9347e9e09bd67293022824d9f9ed322fc2fab9318747cd630353573e3052?s=96&d=mm&r=g\",\"url\":\"https:\\\/\\\/secure.gravatar.com\\\/avatar\\\/b89c9347e9e09bd67293022824d9f9ed322fc2fab9318747cd630353573e3052?s=96&d=mm&r=g\",\"contentUrl\":\"https:\\\/\\\/secure.gravatar.com\\\/avatar\\\/b89c9347e9e09bd67293022824d9f9ed322fc2fab9318747cd630353573e3052?s=96&d=mm&r=g\",\"caption\":\"Johan Hennius\"},\"sameAs\":[\"https:\\\/\\\/www.ecoonline.com\\\/\"]}]}<\/script>\n<!-- \/ Yoast SEO plugin. -->","yoast_head_json":{"title":"Politique en mati\u00e8re de cookies | \u00c9coen en ligne","description":"Ce site Web utilise des cookies. Nous utilisons des cookies pour personnaliser le contenu et les publicit\u00e9s, pour fournir des fonctionnalit\u00e9s de m\u00e9dias sociaux et pour analyser notre trafic.","robots":{"index":"index","follow":"follow","max-snippet":"max-snippet:-1","max-image-preview":"max-image-preview:large","max-video-preview":"max-video-preview:-1"},"canonical":"https:\/\/www.ecoonline.com\/fr-ca\/politique-de-cookies\/","og_locale":"fr_CA","og_type":"article","og_title":"Politique en mati\u00e8re de cookies | \u00c9coen en ligne","og_description":"Ce site Web utilise des cookies. Nous utilisons des cookies pour personnaliser le contenu et les publicit\u00e9s, pour fournir des fonctionnalit\u00e9s de m\u00e9dias sociaux et pour analyser notre trafic.","og_url":"https:\/\/www.ecoonline.com\/fr-ca\/politique-de-cookies\/","og_site_name":"EcoOnline","article_modified_time":"2026-03-23T09:05:08+00:00","twitter_card":"summary_large_image","schema":{"@context":"https:\/\/schema.org","@graph":[{"@type":"Article","@id":"https:\/\/www.ecoonline.com\/fr-ca\/politique-de-cookies\/#article","isPartOf":{"@id":"https:\/\/www.ecoonline.com\/fr-ca\/politique-de-cookies\/"},"author":{"name":"Johan Hennius","@id":"https:\/\/www.ecoonline.com\/fr-ca\/#\/schema\/person\/22787b96c92120e097dbfc849629392a"},"headline":"Politique en mati\u00e8re de cookies","datePublished":"2024-12-06T15:14:50+00:00","dateModified":"2026-03-23T09:05:08+00:00","mainEntityOfPage":{"@id":"https:\/\/www.ecoonline.com\/fr-ca\/politique-de-cookies\/"},"wordCount":491,"publisher":{"@id":"https:\/\/www.ecoonline.com\/fr-ca\/#organization"},"inLanguage":"fr-CA"},{"@type":"WebPage","@id":"https:\/\/www.ecoonline.com\/fr-ca\/politique-de-cookies\/","url":"https:\/\/www.ecoonline.com\/fr-ca\/politique-de-cookies\/","name":"Politique en mati\u00e8re de cookies | \u00c9coen en ligne","isPartOf":{"@id":"https:\/\/www.ecoonline.com\/fr-ca\/#website"},"datePublished":"2024-12-06T15:14:50+00:00","dateModified":"2026-03-23T09:05:08+00:00","description":"Ce site Web utilise des cookies. Nous utilisons des cookies pour personnaliser le contenu et les publicit\u00e9s, pour fournir des fonctionnalit\u00e9s de m\u00e9dias sociaux et pour analyser notre trafic.","inLanguage":"fr-CA","potentialAction":[{"@type":"ReadAction","target":["https:\/\/www.ecoonline.com\/fr-ca\/politique-de-cookies\/"]}]},{"@type":"WebSite","@id":"https:\/\/www.ecoonline.com\/fr-ca\/#website","url":"https:\/\/www.ecoonline.com\/fr-ca\/","name":"EcoOnline","description":"","publisher":{"@id":"https:\/\/www.ecoonline.com\/fr-ca\/#organization"},"potentialAction":[{"@type":"SearchAction","target":{"@type":"EntryPoint","urlTemplate":"https:\/\/www.ecoonline.com\/fr-ca\/?s={search_term_string}"},"query-input":{"@type":"PropertyValueSpecification","valueRequired":true,"valueName":"search_term_string"}}],"inLanguage":"fr-CA"},{"@type":"Organization","@id":"https:\/\/www.ecoonline.com\/fr-ca\/#organization","name":"EcoOnline","url":"https:\/\/www.ecoonline.com\/fr-ca\/","logo":{"@type":"ImageObject","inLanguage":"fr-CA","@id":"https:\/\/www.ecoonline.com\/fr-ca\/#\/schema\/logo\/image\/","url":"https:\/\/www.ecoonline.com\/wp-content\/uploads\/2024\/12\/ecoonline-logo.webp","contentUrl":"https:\/\/www.ecoonline.com\/wp-content\/uploads\/2024\/12\/ecoonline-logo.webp","width":888,"height":613,"caption":"EcoOnline"},"image":{"@id":"https:\/\/www.ecoonline.com\/fr-ca\/#\/schema\/logo\/image\/"}},{"@type":"Person","@id":"https:\/\/www.ecoonline.com\/fr-ca\/#\/schema\/person\/22787b96c92120e097dbfc849629392a","name":"Johan Hennius","image":{"@type":"ImageObject","inLanguage":"fr-CA","@id":"https:\/\/secure.gravatar.com\/avatar\/b89c9347e9e09bd67293022824d9f9ed322fc2fab9318747cd630353573e3052?s=96&d=mm&r=g","url":"https:\/\/secure.gravatar.com\/avatar\/b89c9347e9e09bd67293022824d9f9ed322fc2fab9318747cd630353573e3052?s=96&d=mm&r=g","contentUrl":"https:\/\/secure.gravatar.com\/avatar\/b89c9347e9e09bd67293022824d9f9ed322fc2fab9318747cd630353573e3052?s=96&d=mm&r=g","caption":"Johan Hennius"},"sameAs":["https:\/\/www.ecoonline.com\/"]}]}},"_links":{"self":[{"href":"https:\/\/www.ecoonline.com\/fr-ca\/wp-json\/wp\/v2\/pages\/36927","targetHints":{"allow":["GET"]}}],"collection":[{"href":"https:\/\/www.ecoonline.com\/fr-ca\/wp-json\/wp\/v2\/pages"}],"about":[{"href":"https:\/\/www.ecoonline.com\/fr-ca\/wp-json\/wp\/v2\/types\/page"}],"author":[{"embeddable":true,"href":"https:\/\/www.ecoonline.com\/fr-ca\/wp-json\/wp\/v2\/users\/8"}],"replies":[{"embeddable":true,"href":"https:\/\/www.ecoonline.com\/fr-ca\/wp-json\/wp\/v2\/comments?post=36927"}],"version-history":[{"count":2,"href":"https:\/\/www.ecoonline.com\/fr-ca\/wp-json\/wp\/v2\/pages\/36927\/revisions"}],"predecessor-version":[{"id":142917,"href":"https:\/\/www.ecoonline.com\/fr-ca\/wp-json\/wp\/v2\/pages\/36927\/revisions\/142917"}],"wp:attachment":[{"href":"https:\/\/www.ecoonline.com\/fr-ca\/wp-json\/wp\/v2\/media?parent=36927"}],"curies":[{"name":"wp","href":"https:\/\/api.w.org\/{rel}","templated":true}]}}