{"id":36990,"date":"2024-12-06T15:18:48","date_gmt":"2024-12-06T15:18:48","guid":{"rendered":"https:\/\/www.ecoonline.com\/utilisation-des-technologies-dintelligence-artificielle\/"},"modified":"2025-01-29T13:44:45","modified_gmt":"2025-01-29T13:44:45","slug":"utilisation-des-technologies-dintelligence-artificielle","status":"publish","type":"page","link":"https:\/\/www.ecoonline.com\/fr-ca\/utilisation-des-technologies-dintelligence-artificielle\/","title":{"rendered":"Utilisation des technologies d&rsquo;intelligence artificielle"},"content":{"rendered":"\n<section class=\"Pegasus__Container w-full   relative h-fit  text-content-light mobile-stacking-standard is-layout-flow wp-block-pegasus-container-is-layout-flow\" style=\"  padding-right:0;padding-left:0;padding-top:var(--wp--preset--spacing--30);padding-bottom:var(--wp--preset--spacing--30); \" >\n\t        \n\t\t\t\t\t\t\t\t<div class=\"row-background absolute w-full bottom-0 left-0 z-0 h-full has-teal-background-color\" style=\"\">\n<\/div>\n\t\t\t\t\n\t\t\t\t\t\t\n\t\t\t\t\t\t\n\t\t        \t\t\n\t\t\n\t\n\t\t\t<div class=\"relative h-full is-flex-layout flex flex-col justify-start  container\">\n\n<h1 class=\"wp-block-heading has-xx-large-font-size\">Utilisation des technologies d&rsquo;intelligence artificielle par EcoOnline<\/h1>\n\n\n\n<p>Derni\u00e8re mise \u00e0 jour : juin 2024<\/p>\n\n<\/div>\n\t\t\n\t        <\/section>\n\n\n\n<section class=\"Pegasus__Container w-full   relative h-fit  text-content-dark mobile-stacking-standard is-layout-flow wp-block-pegasus-container-is-layout-flow\" style=\"  padding-top:var(--wp--preset--spacing--30);padding-bottom:var(--wp--preset--spacing--30); \" >\n\t        \n\t\t\t\t\t\t\t\n\t\t\t\t\t\t\n\t\t\t\t\t\t\n\t\t        \t\t\n\t\t\n\t\n\t\t\t<div class=\"relative h-full is-flex-layout flex flex-col justify-start  container\">\n\n<p>Le groupe EcoOnline est enthousiaste quant aux opportunit\u00e9s que l&rsquo;utilisation responsable de l&rsquo;intelligence artificielle et d&rsquo;autres technologies automatis\u00e9es (IA) peut offrir, nous permettant d&rsquo;apporter des solutions toujours meilleures \u00e0 nos clients. L&rsquo;une des fa\u00e7ons dont nous utilisons l&rsquo;IA est dans le contenu et les r\u00e9sultats de nos produits, services et de ce site web (Livrables).  <\/p>\n\n\n\n<p><strong>Votre utilisation de nos produits et services<\/strong> <\/p>\n\n\n\n<p>En utilisant les produits et services d&rsquo;EcoOnline, vous acceptez notre utilisation de l&rsquo;IA et reconnaissez que nous ne pouvons garantir l&rsquo;exactitude de nos Livrables g\u00e9n\u00e9r\u00e9s par l&rsquo;IA. Si vous n&rsquo;\u00eates pas d&rsquo;accord, vous ne devez pas utiliser le contenu g\u00e9n\u00e9r\u00e9 par l&rsquo;IA ou les fonctions compatibles avec l&rsquo;IA dans nos produits et services.  <\/p>\n\n\n\n<p><strong>Mesures que nous prenons<\/strong> <\/p>\n\n\n\n<p>Nous prenons des mesures pour garantir que les Livrables produits par la technologie IA soient de la plus haute qualit\u00e9 possible, mais l&rsquo;IA n&rsquo;est pas parfaite et nous ne pouvons garantir l&rsquo;exactitude des Livrables qui ont \u00e9t\u00e9 enti\u00e8rement ou partiellement g\u00e9n\u00e9r\u00e9s par l&rsquo;IA. <\/p>\n\n\n\n<p><strong>Votre responsabilit\u00e9<\/strong> <\/p>\n\n\n\n<p>Vous devez faire preuve de prudence et de jugement lorsque vous utilisez toute technologie IA int\u00e9gr\u00e9e dans le site web, les produits et services d&rsquo;EcoOnline et ne devez pas vous fier uniquement \u00e0 celle-ci pour vos d\u00e9cisions, surtout si ces d\u00e9cisions peuvent poser un risque pour la sant\u00e9 et la s\u00e9curit\u00e9 humaines ou entra\u00eener une perte financi\u00e8re. Vous \u00eates responsable de v\u00e9rifier ind\u00e9pendamment les informations fournies \u00e0 et g\u00e9n\u00e9r\u00e9es par l&rsquo;IA et de vous assurer de leur exactitude et de leur ad\u00e9quation \u00e0 vos fins.  <\/p>\n\n\n\n<p>Les Livrables g\u00e9n\u00e9r\u00e9s par l&rsquo;IA ne doivent pas \u00eatre consid\u00e9r\u00e9s comme des conseils professionnels, qu&rsquo;ils soient li\u00e9s \u00e0 la sant\u00e9 et \u00e0 la s\u00e9curit\u00e9, juridiques, financiers ou autres. Vous devez toujours faire preuve de prudence et consulter un expert avant de vous fier aux informations automatis\u00e9es ou de prendre des d\u00e9cisions bas\u00e9es sur les Livrables g\u00e9n\u00e9r\u00e9s par l&rsquo;IA. Nous ne cautionnons ni n&rsquo;assumons la responsabilit\u00e9 des d\u00e9cisions que vous prenez sur la base des Livrables g\u00e9n\u00e9r\u00e9s par l&rsquo;IA.   <\/p>\n\n\n\n<p> Vous acceptez d&rsquo;utiliser les Livrables g\u00e9n\u00e9r\u00e9s par l&rsquo;IA de mani\u00e8re responsable et \u00e0 vos propres risques. <\/p>\n\n\n\n<p><strong>Limitation de notre responsabilit\u00e9<\/strong> <\/p>\n\n\n\n<p>Sous r\u00e9serve des lois applicables, nous d\u00e9clinons toute responsabilit\u00e9 d\u00e9coulant de votre utilisation des Livrables qui ont \u00e9t\u00e9 g\u00e9n\u00e9r\u00e9s en tout ou en partie par l&rsquo;IA. <\/p>\n\n\n\n<p>Nous ne saurions \u00eatre tenus responsables des dommages directs, indirects, accessoires, cons\u00e9cutifs ou sp\u00e9ciaux r\u00e9sultant de ou li\u00e9s \u00e0 l&rsquo;utilisation des Livrables g\u00e9n\u00e9r\u00e9s par l&rsquo;IA. <\/p>\n\n\n\n<p>Nous d\u00e9clinons toute responsabilit\u00e9 quant aux cons\u00e9quences des d\u00e9cisions prises sur la base des Livrables produits par l&rsquo;IA. <\/p>\n\n\n\n<p><strong>Questions<\/strong> <\/p>\n\n\n\n<p>Si vous avez des questions ou des pr\u00e9occupations concernant notre utilisation de l&rsquo;IA, veuillez nous contacter \u00e0 : <a href=\"mailto:dpo@ecoonline.com\">dpo@ecoonline.com<\/a>. <\/p>\n\n\n\n<p><a href=\"https:\/\/www.ecoonline.com\/\"><\/a><\/p>\n\n<\/div>\n\t\t\n\t        <\/section>\n","protected":false},"excerpt":{"rendered":"","protected":false},"author":8,"featured_media":0,"parent":0,"menu_order":0,"comment_status":"closed","ping_status":"closed","template":"","meta":{"_acf_changed":false,"content-type":"","footnotes":"","_links_to":"","_links_to_target":""},"class_list":["post-36990","page","type-page","status-publish","hentry"],"acf":[],"yoast_head":"<!-- This site is optimized with the Yoast SEO plugin v27.3 - https:\/\/yoast.com\/product\/yoast-seo-wordpress\/ -->\n<title>Utilisation des technologies d&#039;intelligence artificielle | EcoOnline<\/title>\n<meta name=\"robots\" content=\"index, follow, max-snippet:-1, max-image-preview:large, max-video-preview:-1\" \/>\n<link rel=\"canonical\" href=\"https:\/\/www.ecoonline.com\/fr-ca\/utilisation-des-technologies-dintelligence-artificielle\/\" \/>\n<meta property=\"og:locale\" content=\"fr_CA\" \/>\n<meta property=\"og:type\" content=\"article\" \/>\n<meta property=\"og:title\" content=\"Utilisation des technologies d&#039;intelligence artificielle | EcoOnline\" \/>\n<meta property=\"og:url\" content=\"https:\/\/www.ecoonline.com\/fr-ca\/utilisation-des-technologies-dintelligence-artificielle\/\" \/>\n<meta property=\"og:site_name\" content=\"EcoOnline\" \/>\n<meta property=\"article:modified_time\" content=\"2025-01-29T13:44:45+00:00\" \/>\n<meta name=\"twitter:card\" content=\"summary_large_image\" \/>\n<script type=\"application\/ld+json\" class=\"yoast-schema-graph\">{\"@context\":\"https:\\\/\\\/schema.org\",\"@graph\":[{\"@type\":\"Article\",\"@id\":\"https:\\\/\\\/www.ecoonline.com\\\/fr-ca\\\/utilisation-des-technologies-dintelligence-artificielle\\\/#article\",\"isPartOf\":{\"@id\":\"https:\\\/\\\/www.ecoonline.com\\\/fr-ca\\\/utilisation-des-technologies-dintelligence-artificielle\\\/\"},\"author\":{\"name\":\"Johan Hennius\",\"@id\":\"https:\\\/\\\/www.ecoonline.com\\\/fr-ca\\\/#\\\/schema\\\/person\\\/22787b96c92120e097dbfc849629392a\"},\"headline\":\"Utilisation des technologies d&rsquo;intelligence artificielle\",\"datePublished\":\"2024-12-06T15:18:48+00:00\",\"dateModified\":\"2025-01-29T13:44:45+00:00\",\"mainEntityOfPage\":{\"@id\":\"https:\\\/\\\/www.ecoonline.com\\\/fr-ca\\\/utilisation-des-technologies-dintelligence-artificielle\\\/\"},\"wordCount\":543,\"publisher\":{\"@id\":\"https:\\\/\\\/www.ecoonline.com\\\/fr-ca\\\/#organization\"},\"inLanguage\":\"fr-CA\"},{\"@type\":\"WebPage\",\"@id\":\"https:\\\/\\\/www.ecoonline.com\\\/fr-ca\\\/utilisation-des-technologies-dintelligence-artificielle\\\/\",\"url\":\"https:\\\/\\\/www.ecoonline.com\\\/fr-ca\\\/utilisation-des-technologies-dintelligence-artificielle\\\/\",\"name\":\"Utilisation des technologies d'intelligence artificielle | EcoOnline\",\"isPartOf\":{\"@id\":\"https:\\\/\\\/www.ecoonline.com\\\/fr-ca\\\/#website\"},\"datePublished\":\"2024-12-06T15:18:48+00:00\",\"dateModified\":\"2025-01-29T13:44:45+00:00\",\"inLanguage\":\"fr-CA\",\"potentialAction\":[{\"@type\":\"ReadAction\",\"target\":[\"https:\\\/\\\/www.ecoonline.com\\\/fr-ca\\\/utilisation-des-technologies-dintelligence-artificielle\\\/\"]}]},{\"@type\":\"WebSite\",\"@id\":\"https:\\\/\\\/www.ecoonline.com\\\/fr-ca\\\/#website\",\"url\":\"https:\\\/\\\/www.ecoonline.com\\\/fr-ca\\\/\",\"name\":\"EcoOnline\",\"description\":\"\",\"publisher\":{\"@id\":\"https:\\\/\\\/www.ecoonline.com\\\/fr-ca\\\/#organization\"},\"potentialAction\":[{\"@type\":\"SearchAction\",\"target\":{\"@type\":\"EntryPoint\",\"urlTemplate\":\"https:\\\/\\\/www.ecoonline.com\\\/fr-ca\\\/?s={search_term_string}\"},\"query-input\":{\"@type\":\"PropertyValueSpecification\",\"valueRequired\":true,\"valueName\":\"search_term_string\"}}],\"inLanguage\":\"fr-CA\"},{\"@type\":\"Organization\",\"@id\":\"https:\\\/\\\/www.ecoonline.com\\\/fr-ca\\\/#organization\",\"name\":\"EcoOnline\",\"url\":\"https:\\\/\\\/www.ecoonline.com\\\/fr-ca\\\/\",\"logo\":{\"@type\":\"ImageObject\",\"inLanguage\":\"fr-CA\",\"@id\":\"https:\\\/\\\/www.ecoonline.com\\\/fr-ca\\\/#\\\/schema\\\/logo\\\/image\\\/\",\"url\":\"https:\\\/\\\/www.ecoonline.com\\\/wp-content\\\/uploads\\\/2024\\\/12\\\/ecoonline-logo.webp\",\"contentUrl\":\"https:\\\/\\\/www.ecoonline.com\\\/wp-content\\\/uploads\\\/2024\\\/12\\\/ecoonline-logo.webp\",\"width\":888,\"height\":613,\"caption\":\"EcoOnline\"},\"image\":{\"@id\":\"https:\\\/\\\/www.ecoonline.com\\\/fr-ca\\\/#\\\/schema\\\/logo\\\/image\\\/\"}},{\"@type\":\"Person\",\"@id\":\"https:\\\/\\\/www.ecoonline.com\\\/fr-ca\\\/#\\\/schema\\\/person\\\/22787b96c92120e097dbfc849629392a\",\"name\":\"Johan Hennius\",\"image\":{\"@type\":\"ImageObject\",\"inLanguage\":\"fr-CA\",\"@id\":\"https:\\\/\\\/secure.gravatar.com\\\/avatar\\\/b89c9347e9e09bd67293022824d9f9ed322fc2fab9318747cd630353573e3052?s=96&d=mm&r=g\",\"url\":\"https:\\\/\\\/secure.gravatar.com\\\/avatar\\\/b89c9347e9e09bd67293022824d9f9ed322fc2fab9318747cd630353573e3052?s=96&d=mm&r=g\",\"contentUrl\":\"https:\\\/\\\/secure.gravatar.com\\\/avatar\\\/b89c9347e9e09bd67293022824d9f9ed322fc2fab9318747cd630353573e3052?s=96&d=mm&r=g\",\"caption\":\"Johan Hennius\"},\"sameAs\":[\"https:\\\/\\\/www.ecoonline.com\\\/\"]}]}<\/script>\n<!-- \/ Yoast SEO plugin. -->","yoast_head_json":{"title":"Utilisation des technologies d'intelligence artificielle | EcoOnline","robots":{"index":"index","follow":"follow","max-snippet":"max-snippet:-1","max-image-preview":"max-image-preview:large","max-video-preview":"max-video-preview:-1"},"canonical":"https:\/\/www.ecoonline.com\/fr-ca\/utilisation-des-technologies-dintelligence-artificielle\/","og_locale":"fr_CA","og_type":"article","og_title":"Utilisation des technologies d'intelligence artificielle | EcoOnline","og_url":"https:\/\/www.ecoonline.com\/fr-ca\/utilisation-des-technologies-dintelligence-artificielle\/","og_site_name":"EcoOnline","article_modified_time":"2025-01-29T13:44:45+00:00","twitter_card":"summary_large_image","schema":{"@context":"https:\/\/schema.org","@graph":[{"@type":"Article","@id":"https:\/\/www.ecoonline.com\/fr-ca\/utilisation-des-technologies-dintelligence-artificielle\/#article","isPartOf":{"@id":"https:\/\/www.ecoonline.com\/fr-ca\/utilisation-des-technologies-dintelligence-artificielle\/"},"author":{"name":"Johan Hennius","@id":"https:\/\/www.ecoonline.com\/fr-ca\/#\/schema\/person\/22787b96c92120e097dbfc849629392a"},"headline":"Utilisation des technologies d&rsquo;intelligence artificielle","datePublished":"2024-12-06T15:18:48+00:00","dateModified":"2025-01-29T13:44:45+00:00","mainEntityOfPage":{"@id":"https:\/\/www.ecoonline.com\/fr-ca\/utilisation-des-technologies-dintelligence-artificielle\/"},"wordCount":543,"publisher":{"@id":"https:\/\/www.ecoonline.com\/fr-ca\/#organization"},"inLanguage":"fr-CA"},{"@type":"WebPage","@id":"https:\/\/www.ecoonline.com\/fr-ca\/utilisation-des-technologies-dintelligence-artificielle\/","url":"https:\/\/www.ecoonline.com\/fr-ca\/utilisation-des-technologies-dintelligence-artificielle\/","name":"Utilisation des technologies d'intelligence artificielle | EcoOnline","isPartOf":{"@id":"https:\/\/www.ecoonline.com\/fr-ca\/#website"},"datePublished":"2024-12-06T15:18:48+00:00","dateModified":"2025-01-29T13:44:45+00:00","inLanguage":"fr-CA","potentialAction":[{"@type":"ReadAction","target":["https:\/\/www.ecoonline.com\/fr-ca\/utilisation-des-technologies-dintelligence-artificielle\/"]}]},{"@type":"WebSite","@id":"https:\/\/www.ecoonline.com\/fr-ca\/#website","url":"https:\/\/www.ecoonline.com\/fr-ca\/","name":"EcoOnline","description":"","publisher":{"@id":"https:\/\/www.ecoonline.com\/fr-ca\/#organization"},"potentialAction":[{"@type":"SearchAction","target":{"@type":"EntryPoint","urlTemplate":"https:\/\/www.ecoonline.com\/fr-ca\/?s={search_term_string}"},"query-input":{"@type":"PropertyValueSpecification","valueRequired":true,"valueName":"search_term_string"}}],"inLanguage":"fr-CA"},{"@type":"Organization","@id":"https:\/\/www.ecoonline.com\/fr-ca\/#organization","name":"EcoOnline","url":"https:\/\/www.ecoonline.com\/fr-ca\/","logo":{"@type":"ImageObject","inLanguage":"fr-CA","@id":"https:\/\/www.ecoonline.com\/fr-ca\/#\/schema\/logo\/image\/","url":"https:\/\/www.ecoonline.com\/wp-content\/uploads\/2024\/12\/ecoonline-logo.webp","contentUrl":"https:\/\/www.ecoonline.com\/wp-content\/uploads\/2024\/12\/ecoonline-logo.webp","width":888,"height":613,"caption":"EcoOnline"},"image":{"@id":"https:\/\/www.ecoonline.com\/fr-ca\/#\/schema\/logo\/image\/"}},{"@type":"Person","@id":"https:\/\/www.ecoonline.com\/fr-ca\/#\/schema\/person\/22787b96c92120e097dbfc849629392a","name":"Johan Hennius","image":{"@type":"ImageObject","inLanguage":"fr-CA","@id":"https:\/\/secure.gravatar.com\/avatar\/b89c9347e9e09bd67293022824d9f9ed322fc2fab9318747cd630353573e3052?s=96&d=mm&r=g","url":"https:\/\/secure.gravatar.com\/avatar\/b89c9347e9e09bd67293022824d9f9ed322fc2fab9318747cd630353573e3052?s=96&d=mm&r=g","contentUrl":"https:\/\/secure.gravatar.com\/avatar\/b89c9347e9e09bd67293022824d9f9ed322fc2fab9318747cd630353573e3052?s=96&d=mm&r=g","caption":"Johan Hennius"},"sameAs":["https:\/\/www.ecoonline.com\/"]}]}},"_links":{"self":[{"href":"https:\/\/www.ecoonline.com\/fr-ca\/wp-json\/wp\/v2\/pages\/36990","targetHints":{"allow":["GET"]}}],"collection":[{"href":"https:\/\/www.ecoonline.com\/fr-ca\/wp-json\/wp\/v2\/pages"}],"about":[{"href":"https:\/\/www.ecoonline.com\/fr-ca\/wp-json\/wp\/v2\/types\/page"}],"author":[{"embeddable":true,"href":"https:\/\/www.ecoonline.com\/fr-ca\/wp-json\/wp\/v2\/users\/8"}],"replies":[{"embeddable":true,"href":"https:\/\/www.ecoonline.com\/fr-ca\/wp-json\/wp\/v2\/comments?post=36990"}],"version-history":[{"count":0,"href":"https:\/\/www.ecoonline.com\/fr-ca\/wp-json\/wp\/v2\/pages\/36990\/revisions"}],"wp:attachment":[{"href":"https:\/\/www.ecoonline.com\/fr-ca\/wp-json\/wp\/v2\/media?parent=36990"}],"curies":[{"name":"wp","href":"https:\/\/api.w.org\/{rel}","templated":true}]}}