{"id":40512,"date":"2024-10-31T10:01:32","date_gmt":"2024-10-31T10:01:32","guid":{"rendered":"https:\/\/www.ecoonline.com\/resources\/"},"modified":"2025-08-15T23:51:51","modified_gmt":"2025-08-15T22:51:51","slug":"resources","status":"publish","type":"page","link":"https:\/\/www.ecoonline.com\/fr-ca\/resources\/","title":{"rendered":"Ressources"},"content":{"rendered":"\n<section class=\"Pegasus__Container w-full   relative h-fit  text-content-light mobile-stacking-standard is-layout-flow wp-block-pegasus-container-is-layout-flow\" style=\"   \" >\n\t        \n\t\t\t\t\t\t\t\t<div class=\"row-background absolute w-full bottom-0 left-0 z-0 h-full has-teal-background-color\" style=\"\">\n<\/div>\n\t\t\t\t\n\t\t\t\t\t\t\n\t\t\t\t\t\t\n\t\t        \t\t\n\t\t\n\t\n\t\t\t<div class=\"relative h-full is-flex-layout flex flex-col justify-start  w-full\">\n\n<section class=\"Pegasus__Container w-full   relative h-fit  text-content-light mobile-stacking-standard is-layout-flow wp-block-pegasus-container-is-layout-flow has-background\" style=\"  padding-top:var(--wp--preset--spacing--50);padding-bottom:var(--wp--preset--spacing--30); ;background-image:url(&apos;https:\/\/www.ecoonline.com\/wp-content\/uploads\/2024\/10\/hero-bg.webp&apos;);background-position:100% 100%;background-repeat:no-repeat;background-size:contain;\" >\n\t        \n\t\t\t\t\t\t\t\n\t\t\t\t\t\t\t<div class=\"row-background w-full h-full absolute top-0 left-0 overflow-hidden\" style=\"background-image:url('https:\/\/www.ecoonline.com\/wp-content\/uploads\/2024\/10\/hero-bg.webp');background-position:100% 100%;background-repeat:no-repeat;background-size:contain;\">\n<\/div>\n\t\t\t\t\n\t\t\t\t\t\t\n\t\t        \t\t\n\t\t\n\t\n\t\t\t<div class=\"relative h-full is-flex-layout flex flex-col justify-start  container\">\n\n<div class=\"wp-block-group has-global-padding is-content-justification-left is-layout-constrained wp-container-core-group-is-layout-3eeede4d wp-block-group-is-layout-constrained\">\n    <span class=\"  inline-block has-small-font-size py-0.5 px-2 rounded self-start\" style=\"background: #00000030;  margin-bottom:var(--wp--preset--spacing--10);\">\n\n    <div class=\"w-full flex items-center gap-2.5\">\n                Ressources\n    <\/div>\n\n\n    <\/span>\n\n\n\n\n<h1 class=\"wp-block-heading has-x-large-font-size\">Gardez une longueur <mark style=\"background-color:rgba(0, 0, 0, 0)\" class=\"has-inline-color has-secondary-color\">d\u2019avance gr\u00e2ce aux ressources d\u2019experts d\u2019\u00c9coen en ligne<\/mark> pour les professionnels de la s\u00e9curit\u00e9<\/h1>\n<\/div>\n\n<\/div>\n\t\t\n\t        <\/section>\n\n<\/div>\n\t\t\n\t        <\/section>\n\n<section class=\"Pegasus__Container w-full   relative h-fit overflow-hidden text-content-dark mobile-stacking-standard is-layout-flow wp-block-pegasus-container-is-layout-flow\" style=\"  padding-top:var(--wp--preset--spacing--10);padding-bottom:var(--wp--preset--spacing--10); \" >\n\t        \n\t\t\t\t\t\t\t\n\t\t\t\t\t\t\n\t\t\t\t\t\t\n\t\t        \t\t\n\t\t\n\t\n\t\t\t<div class=\"relative h-full is-flex-layout flex flex-col justify-start  container\">\n\n<section class=\"Pegasus__Container w-full   relative h-fit overflow-hidden text-content-dark columns-grid mobile-stacking-standard is-layout-flow wp-block-pegasus-container-is-layout-flow\" style=\" --column-tablet-columns: 1;--column-tablet-rows: 2; padding-top:0;padding-bottom:0; border-top-right-radius:60px;border-bottom-left-radius:60px;\" >\n\t        \n\t\t\t\t\t\t\t\t<div class=\"row-background absolute w-full bottom-0 left-0 z-0 h-full has-primary-background-color\" style=\"\">\n<\/div>\n\t\t\t\t\n\t\t\t\t\t\t\n\t\t\t\t\t\t\n\t\t        \t\t\n\t\t\n\t\n\t\t\t<div class=\"relative h-full is-flex-layout flex flex-col justify-start  w-full\">\n\n<div class=\"wp-block-group has-global-padding is-layout-constrained wp-block-group-is-layout-constrained has-background\" style=\"border-top-left-radius:0px;border-top-right-radius:60px;border-bottom-left-radius:60px;border-bottom-right-radius:0px;background-image:url(&apos;https:\/\/www.ecoonline.com\/wp-content\/uploads\/2024\/11\/light-green-card.webp&apos;);background-position:98% 50%;background-size:cover;\">\n<div class=\"wp-block-group has-global-padding is-layout-constrained wp-block-group-is-layout-constrained\">\n<div class=\"wp-block-columns is-layout-flex wp-container-core-columns-is-layout-28f84493 wp-block-columns-is-layout-flex\">\n<div class=\"wp-block-column is-layout-flow wp-block-column-is-layout-flow\" style=\"flex-basis:100%\">\n<section class=\"Pegasus__Container w-full   relative h-fit  text-content-dark mobile-stacking-inverser is-layout-flow wp-block-pegasus-container-is-layout-flow has-background\" style=\"  padding-top:var(--wp--preset--spacing--20);padding-bottom:var(--wp--preset--spacing--20);padding-left:var(--wp--preset--spacing--10);padding-right:var(--wp--preset--spacing--10); ;background-image:url(&apos;https:\/\/www.ecoonline.com\/wp-content\/uploads\/2024\/11\/light-green-card.webp&apos;);background-size:cover;\" >\n\t        \n\t\t\t\t\t\t\t\n\t\t\t\t\t\t\t<div class=\"row-background w-full h-full absolute top-0 left-0 overflow-hidden\" style=\"background-image:url('https:\/\/www.ecoonline.com\/wp-content\/uploads\/2024\/11\/light-green-card.webp');background-size:cover;\">\n<\/div>\n\t\t\t\t\n\t\t\t\t\t\t\n\t\t        \t\t\n\t\t\n\t\n\t\t\t<div class=\"relative h-full is-flex-layout flex flex-col justify-start  container\">\n\n<div class=\"wp-block-columns are-vertically-aligned-center is-layout-flex wp-container-core-columns-is-layout-a26fa036 wp-block-columns-is-layout-flex\" style=\"padding-right:0;padding-left:0\">\n<div class=\"wp-block-column is-vertically-aligned-center is-layout-flow wp-block-column-is-layout-flow\">\n<div class=\"wp-block-columns is-layout-flex wp-container-core-columns-is-layout-28f84493 wp-block-columns-is-layout-flex\">\n<div class=\"wp-block-column is-layout-flow wp-block-column-is-layout-flow\" style=\"flex-basis:85%\">\n    <span class=\"has-canope-60-background-color  inline-block has-small-font-size py-0.5 px-2 rounded self-start\" style=\"  \">\n\n    <div class=\"w-full flex items-center gap-2.5\">\n                Communaut\u00e9\n    <\/div>\n\n\n    <\/span>\n\n\n\n\n<div style=\"height:0.5vw\" aria-hidden=\"true\" class=\"wp-block-spacer\"><\/div>\n\n\n\n<h2 class=\"wp-block-heading has-large-font-size\"><strong>Joignez-vous \u00e0 la salle de situation<\/strong><\/h2>\n\n\n\n<p>Devenez membre de notre communaut\u00e9 pour obtenir des id\u00e9es concr\u00e8tes et des discussions sur l\u2019intersection de l\u2019ESS, de l\u2019ESG et de la gestion des produits chimiques dans un monde en \u00e9volution rapide.<\/p>\n\n\n\n<div style=\"height:1vw\" aria-hidden=\"true\" class=\"wp-block-spacer\"><\/div>\n\n\n\n<div class=\"wp-block-buttons is-layout-flex wp-block-buttons-is-layout-flex\">\n<div class=\"wp-block-button is-style-fill is-style-fill--1\"><a class=\"wp-block-button__link has-black-color has-canope-60-background-color has-text-color has-background has-link-color wp-element-button\" href=\"https:\/\/thesituationroom.bettermode.io\/\" target=\"_blank\" rel=\"noreferrer noopener\">Impliquez-vous<\/a><\/div>\n<\/div>\n<\/div>\n\n\n\n<div class=\"wp-block-column is-layout-flow wp-block-column-is-layout-flow\" style=\"flex-basis:15%\"><\/div>\n<\/div>\n<\/div>\n\n\n\n<div class=\"wp-block-column is-vertically-aligned-center is-layout-flow wp-block-column-is-layout-flow\">\n<section class=\"Pegasus__Container w-full   relative h-fit overflow-hidden text-content-dark mobile-stacking-standard is-layout-flow wp-block-pegasus-container-is-layout-flow\" style=\"   border-radius:0px;\" >\n\t        \n\t\t\t\t\t\t\t\n\t\t\t\t\t\t\n\t\t\t\t\t\t\n\t\t        \t\t\n\t\t\n\t\n\t\t\t<div class=\"relative h-full is-flex-layout flex flex-col justify-start  w-full\"><\/div>\n\t\t\n\t        <\/section>\n<\/div>\n<\/div>\n\n<\/div>\n\t\t\n\t        <\/section>\n<\/div>\n<\/div>\n<\/div>\n<\/div>\n\n<\/div>\n\t\t\n\t        <\/section>\n\n<\/div>\n\t\t\n\t        <\/section>\n\n<section class=\"Pegasus__Container w-full   relative h-fit  text-content-dark mobile-stacking-standard is-layout-flow wp-block-pegasus-container-is-layout-flow\" style=\"  padding-top:var(--wp--preset--spacing--20);padding-bottom:var(--wp--preset--spacing--20); \" >\n\t        \n\t\t\t\t\t\t\t\n\t\t\t\t\t\t\n\t\t\t\t\t\t\n\t\t        \t\t\n\t\t\n\t\n\t\t\t<div class=\"relative h-full is-flex-layout flex flex-col justify-start  container\">\n<section class=\"Featured__Posts__Post__Grid relative\">\n\n    \n<\/section>\n\n<\/div>\n\t\t\n\t        <\/section>\n","protected":false},"excerpt":{"rendered":"","protected":false},"author":8,"featured_media":0,"parent":0,"menu_order":0,"comment_status":"closed","ping_status":"closed","template":"","meta":{"_acf_changed":false,"content-type":"","footnotes":"","_links_to":"","_links_to_target":""},"class_list":["post-40512","page","type-page","status-publish","hentry"],"acf":[],"yoast_head":"<!-- This site is optimized with the Yoast SEO plugin v27.3 - https:\/\/yoast.com\/product\/yoast-seo-wordpress\/ -->\n<title>Ressources d\u2019experts pour les professionnels de la s\u00e9curit\u00e9 | \u00c9coen en ligne<\/title>\n<meta name=\"description\" content=\"Gardez une longueur d\u2019avance gr\u00e2ce aux ressources d\u2019experts d\u2019EcoOnline pour les professionnels de la s\u00e9curit\u00e9, y compris des blogues, des guides et des webinaires en mati\u00e8re d\u2019ESS, d\u2019ESG et de produits chimiques.\" \/>\n<meta name=\"robots\" content=\"index, follow, max-snippet:-1, max-image-preview:large, max-video-preview:-1\" \/>\n<link rel=\"canonical\" href=\"https:\/\/www.ecoonline.com\/fr-ca\/resources\/\" \/>\n<meta property=\"og:locale\" content=\"fr_CA\" \/>\n<meta property=\"og:type\" content=\"article\" \/>\n<meta property=\"og:title\" content=\"Ressources d\u2019experts pour les professionnels de la s\u00e9curit\u00e9 | \u00c9coen en ligne\" \/>\n<meta property=\"og:description\" content=\"Gardez une longueur d\u2019avance gr\u00e2ce aux ressources d\u2019experts d\u2019EcoOnline pour les professionnels de la s\u00e9curit\u00e9, y compris des blogues, des guides et des webinaires en mati\u00e8re d\u2019ESS, d\u2019ESG et de produits chimiques.\" \/>\n<meta property=\"og:url\" content=\"https:\/\/www.ecoonline.com\/fr-ca\/resources\/\" \/>\n<meta property=\"og:site_name\" content=\"EcoOnline\" \/>\n<meta property=\"article:modified_time\" content=\"2025-08-15T22:51:51+00:00\" \/>\n<meta name=\"twitter:card\" content=\"summary_large_image\" \/>\n<meta name=\"twitter:label1\" content=\"Estimation du temps de lecture\" \/>\n\t<meta name=\"twitter:data1\" content=\"1 minute\" \/>\n<script type=\"application\/ld+json\" class=\"yoast-schema-graph\">{\"@context\":\"https:\\\/\\\/schema.org\",\"@graph\":[{\"@type\":\"Article\",\"@id\":\"https:\\\/\\\/www.ecoonline.com\\\/fr-ca\\\/resources\\\/#article\",\"isPartOf\":{\"@id\":\"https:\\\/\\\/www.ecoonline.com\\\/fr-ca\\\/resources\\\/\"},\"author\":{\"name\":\"Johan Hennius\",\"@id\":\"https:\\\/\\\/www.ecoonline.com\\\/fr-ca\\\/#\\\/schema\\\/person\\\/22787b96c92120e097dbfc849629392a\"},\"headline\":\"Ressources\",\"datePublished\":\"2024-10-31T10:01:32+00:00\",\"dateModified\":\"2025-08-15T22:51:51+00:00\",\"mainEntityOfPage\":{\"@id\":\"https:\\\/\\\/www.ecoonline.com\\\/fr-ca\\\/resources\\\/\"},\"wordCount\":66,\"publisher\":{\"@id\":\"https:\\\/\\\/www.ecoonline.com\\\/fr-ca\\\/#organization\"},\"inLanguage\":\"fr-CA\"},{\"@type\":\"WebPage\",\"@id\":\"https:\\\/\\\/www.ecoonline.com\\\/fr-ca\\\/resources\\\/\",\"url\":\"https:\\\/\\\/www.ecoonline.com\\\/fr-ca\\\/resources\\\/\",\"name\":\"Ressources d\u2019experts pour les professionnels de la s\u00e9curit\u00e9 | \u00c9coen en ligne\",\"isPartOf\":{\"@id\":\"https:\\\/\\\/www.ecoonline.com\\\/fr-ca\\\/#website\"},\"datePublished\":\"2024-10-31T10:01:32+00:00\",\"dateModified\":\"2025-08-15T22:51:51+00:00\",\"description\":\"Gardez une longueur d\u2019avance gr\u00e2ce aux ressources d\u2019experts d\u2019EcoOnline pour les professionnels de la s\u00e9curit\u00e9, y compris des blogues, des guides et des webinaires en mati\u00e8re d\u2019ESS, d\u2019ESG et de produits chimiques.\",\"inLanguage\":\"fr-CA\",\"potentialAction\":[{\"@type\":\"ReadAction\",\"target\":[\"https:\\\/\\\/www.ecoonline.com\\\/fr-ca\\\/resources\\\/\"]}]},{\"@type\":\"WebSite\",\"@id\":\"https:\\\/\\\/www.ecoonline.com\\\/fr-ca\\\/#website\",\"url\":\"https:\\\/\\\/www.ecoonline.com\\\/fr-ca\\\/\",\"name\":\"EcoOnline\",\"description\":\"\",\"publisher\":{\"@id\":\"https:\\\/\\\/www.ecoonline.com\\\/fr-ca\\\/#organization\"},\"potentialAction\":[{\"@type\":\"SearchAction\",\"target\":{\"@type\":\"EntryPoint\",\"urlTemplate\":\"https:\\\/\\\/www.ecoonline.com\\\/fr-ca\\\/?s={search_term_string}\"},\"query-input\":{\"@type\":\"PropertyValueSpecification\",\"valueRequired\":true,\"valueName\":\"search_term_string\"}}],\"inLanguage\":\"fr-CA\"},{\"@type\":\"Organization\",\"@id\":\"https:\\\/\\\/www.ecoonline.com\\\/fr-ca\\\/#organization\",\"name\":\"EcoOnline\",\"url\":\"https:\\\/\\\/www.ecoonline.com\\\/fr-ca\\\/\",\"logo\":{\"@type\":\"ImageObject\",\"inLanguage\":\"fr-CA\",\"@id\":\"https:\\\/\\\/www.ecoonline.com\\\/fr-ca\\\/#\\\/schema\\\/logo\\\/image\\\/\",\"url\":\"https:\\\/\\\/www.ecoonline.com\\\/wp-content\\\/uploads\\\/2024\\\/12\\\/ecoonline-logo.webp\",\"contentUrl\":\"https:\\\/\\\/www.ecoonline.com\\\/wp-content\\\/uploads\\\/2024\\\/12\\\/ecoonline-logo.webp\",\"width\":888,\"height\":613,\"caption\":\"EcoOnline\"},\"image\":{\"@id\":\"https:\\\/\\\/www.ecoonline.com\\\/fr-ca\\\/#\\\/schema\\\/logo\\\/image\\\/\"}},{\"@type\":\"Person\",\"@id\":\"https:\\\/\\\/www.ecoonline.com\\\/fr-ca\\\/#\\\/schema\\\/person\\\/22787b96c92120e097dbfc849629392a\",\"name\":\"Johan Hennius\",\"image\":{\"@type\":\"ImageObject\",\"inLanguage\":\"fr-CA\",\"@id\":\"https:\\\/\\\/secure.gravatar.com\\\/avatar\\\/b89c9347e9e09bd67293022824d9f9ed322fc2fab9318747cd630353573e3052?s=96&d=mm&r=g\",\"url\":\"https:\\\/\\\/secure.gravatar.com\\\/avatar\\\/b89c9347e9e09bd67293022824d9f9ed322fc2fab9318747cd630353573e3052?s=96&d=mm&r=g\",\"contentUrl\":\"https:\\\/\\\/secure.gravatar.com\\\/avatar\\\/b89c9347e9e09bd67293022824d9f9ed322fc2fab9318747cd630353573e3052?s=96&d=mm&r=g\",\"caption\":\"Johan Hennius\"},\"sameAs\":[\"https:\\\/\\\/www.ecoonline.com\\\/\"]}]}<\/script>\n<!-- \/ Yoast SEO plugin. -->","yoast_head_json":{"title":"Ressources d\u2019experts pour les professionnels de la s\u00e9curit\u00e9 | \u00c9coen en ligne","description":"Gardez une longueur d\u2019avance gr\u00e2ce aux ressources d\u2019experts d\u2019EcoOnline pour les professionnels de la s\u00e9curit\u00e9, y compris des blogues, des guides et des webinaires en mati\u00e8re d\u2019ESS, d\u2019ESG et de produits chimiques.","robots":{"index":"index","follow":"follow","max-snippet":"max-snippet:-1","max-image-preview":"max-image-preview:large","max-video-preview":"max-video-preview:-1"},"canonical":"https:\/\/www.ecoonline.com\/fr-ca\/resources\/","og_locale":"fr_CA","og_type":"article","og_title":"Ressources d\u2019experts pour les professionnels de la s\u00e9curit\u00e9 | \u00c9coen en ligne","og_description":"Gardez une longueur d\u2019avance gr\u00e2ce aux ressources d\u2019experts d\u2019EcoOnline pour les professionnels de la s\u00e9curit\u00e9, y compris des blogues, des guides et des webinaires en mati\u00e8re d\u2019ESS, d\u2019ESG et de produits chimiques.","og_url":"https:\/\/www.ecoonline.com\/fr-ca\/resources\/","og_site_name":"EcoOnline","article_modified_time":"2025-08-15T22:51:51+00:00","twitter_card":"summary_large_image","twitter_misc":{"Estimation du temps de lecture":"1 minute"},"schema":{"@context":"https:\/\/schema.org","@graph":[{"@type":"Article","@id":"https:\/\/www.ecoonline.com\/fr-ca\/resources\/#article","isPartOf":{"@id":"https:\/\/www.ecoonline.com\/fr-ca\/resources\/"},"author":{"name":"Johan Hennius","@id":"https:\/\/www.ecoonline.com\/fr-ca\/#\/schema\/person\/22787b96c92120e097dbfc849629392a"},"headline":"Ressources","datePublished":"2024-10-31T10:01:32+00:00","dateModified":"2025-08-15T22:51:51+00:00","mainEntityOfPage":{"@id":"https:\/\/www.ecoonline.com\/fr-ca\/resources\/"},"wordCount":66,"publisher":{"@id":"https:\/\/www.ecoonline.com\/fr-ca\/#organization"},"inLanguage":"fr-CA"},{"@type":"WebPage","@id":"https:\/\/www.ecoonline.com\/fr-ca\/resources\/","url":"https:\/\/www.ecoonline.com\/fr-ca\/resources\/","name":"Ressources d\u2019experts pour les professionnels de la s\u00e9curit\u00e9 | \u00c9coen en ligne","isPartOf":{"@id":"https:\/\/www.ecoonline.com\/fr-ca\/#website"},"datePublished":"2024-10-31T10:01:32+00:00","dateModified":"2025-08-15T22:51:51+00:00","description":"Gardez une longueur d\u2019avance gr\u00e2ce aux ressources d\u2019experts d\u2019EcoOnline pour les professionnels de la s\u00e9curit\u00e9, y compris des blogues, des guides et des webinaires en mati\u00e8re d\u2019ESS, d\u2019ESG et de produits chimiques.","inLanguage":"fr-CA","potentialAction":[{"@type":"ReadAction","target":["https:\/\/www.ecoonline.com\/fr-ca\/resources\/"]}]},{"@type":"WebSite","@id":"https:\/\/www.ecoonline.com\/fr-ca\/#website","url":"https:\/\/www.ecoonline.com\/fr-ca\/","name":"EcoOnline","description":"","publisher":{"@id":"https:\/\/www.ecoonline.com\/fr-ca\/#organization"},"potentialAction":[{"@type":"SearchAction","target":{"@type":"EntryPoint","urlTemplate":"https:\/\/www.ecoonline.com\/fr-ca\/?s={search_term_string}"},"query-input":{"@type":"PropertyValueSpecification","valueRequired":true,"valueName":"search_term_string"}}],"inLanguage":"fr-CA"},{"@type":"Organization","@id":"https:\/\/www.ecoonline.com\/fr-ca\/#organization","name":"EcoOnline","url":"https:\/\/www.ecoonline.com\/fr-ca\/","logo":{"@type":"ImageObject","inLanguage":"fr-CA","@id":"https:\/\/www.ecoonline.com\/fr-ca\/#\/schema\/logo\/image\/","url":"https:\/\/www.ecoonline.com\/wp-content\/uploads\/2024\/12\/ecoonline-logo.webp","contentUrl":"https:\/\/www.ecoonline.com\/wp-content\/uploads\/2024\/12\/ecoonline-logo.webp","width":888,"height":613,"caption":"EcoOnline"},"image":{"@id":"https:\/\/www.ecoonline.com\/fr-ca\/#\/schema\/logo\/image\/"}},{"@type":"Person","@id":"https:\/\/www.ecoonline.com\/fr-ca\/#\/schema\/person\/22787b96c92120e097dbfc849629392a","name":"Johan Hennius","image":{"@type":"ImageObject","inLanguage":"fr-CA","@id":"https:\/\/secure.gravatar.com\/avatar\/b89c9347e9e09bd67293022824d9f9ed322fc2fab9318747cd630353573e3052?s=96&d=mm&r=g","url":"https:\/\/secure.gravatar.com\/avatar\/b89c9347e9e09bd67293022824d9f9ed322fc2fab9318747cd630353573e3052?s=96&d=mm&r=g","contentUrl":"https:\/\/secure.gravatar.com\/avatar\/b89c9347e9e09bd67293022824d9f9ed322fc2fab9318747cd630353573e3052?s=96&d=mm&r=g","caption":"Johan Hennius"},"sameAs":["https:\/\/www.ecoonline.com\/"]}]}},"_links":{"self":[{"href":"https:\/\/www.ecoonline.com\/fr-ca\/wp-json\/wp\/v2\/pages\/40512","targetHints":{"allow":["GET"]}}],"collection":[{"href":"https:\/\/www.ecoonline.com\/fr-ca\/wp-json\/wp\/v2\/pages"}],"about":[{"href":"https:\/\/www.ecoonline.com\/fr-ca\/wp-json\/wp\/v2\/types\/page"}],"author":[{"embeddable":true,"href":"https:\/\/www.ecoonline.com\/fr-ca\/wp-json\/wp\/v2\/users\/8"}],"replies":[{"embeddable":true,"href":"https:\/\/www.ecoonline.com\/fr-ca\/wp-json\/wp\/v2\/comments?post=40512"}],"version-history":[{"count":0,"href":"https:\/\/www.ecoonline.com\/fr-ca\/wp-json\/wp\/v2\/pages\/40512\/revisions"}],"wp:attachment":[{"href":"https:\/\/www.ecoonline.com\/fr-ca\/wp-json\/wp\/v2\/media?parent=40512"}],"curies":[{"name":"wp","href":"https:\/\/api.w.org\/{rel}","templated":true}]}}