{"id":31722,"date":"2024-11-01T09:06:54","date_gmt":"2024-11-01T09:06:54","guid":{"rendered":"https:\/\/www.ecoonline.com\/cookie-policy\/"},"modified":"2026-03-23T09:05:57","modified_gmt":"2026-03-23T09:05:57","slug":"cookie-policy","status":"publish","type":"page","link":"https:\/\/www.ecoonline.com\/no\/cookie-policy\/","title":{"rendered":"Informasjonskapselpolicy"},"content":{"rendered":"\n<section class=\"Pegasus__Container w-full   relative h-fit  text-content-light mobile-stacking-standard is-layout-flow wp-block-pegasus-container-is-layout-flow\" style=\"  padding-top:var(--wp--preset--spacing--30);padding-bottom:var(--wp--preset--spacing--30); \" >\n\t        \n\t\t\t\t\t\t\t\t<div class=\"row-background absolute w-full bottom-0 left-0 z-0 h-full has-teal-background-color\" style=\"\">\n<\/div>\n\t\t\t\t\n\t\t\t\t\t\t\n\t\t\t\t\t\t\n\t\t        \t\t\n\t\t\n\t\n\t\t\t<div class=\"relative h-full is-flex-layout flex flex-col justify-start  container\">\n\n<h1 class=\"wp-block-heading has-text-align-left has-xx-large-font-size\">Informasjonskapselpolicy<\/h1>\n\n<\/div>\n\t\t\n\t        <\/section>\n\n<section class=\"Pegasus__Container w-full   relative h-fit  text-content-dark mobile-stacking-standard is-layout-flow wp-block-pegasus-container-is-layout-flow\" style=\"  padding-top:var(--wp--preset--spacing--30);padding-bottom:var(--wp--preset--spacing--30); \" >\n\t        \n\t\t\t\t\t\t\t\n\t\t\t\t\t\t\n\t\t\t\t\t\t\n\t\t        \t\t\n\t\t\n\t\n\t\t\t<div class=\"relative h-full is-flex-layout flex flex-col justify-start  container\">\n\n<p>Denne nettsiden bruker informasjonskapsler. Vi bruker informasjonskapsler for \u00e5 tilpasse innhold og annonser, for \u00e5 tilby sosiale mediefunksjoner og for \u00e5 analysere trafikken v\u00e5r. <\/p>\n\n\n\n<div style=\"height:2vw\" aria-hidden=\"true\" class=\"wp-block-spacer\"><\/div>\n\n\n\n<h2 class=\"wp-block-heading has-large-font-size\">Om informasjonskapsler<\/h2>\n\n\n\n<h2>Hva er informasjonskapsler?<\/h2>\n\n\n\n<p><\/p>\n\n\n\n<p>Denne informasjonskapselpolicyen forklarer hva informasjonskapsler er og hvordan vi bruker dem, hvilke typer informasjonskapsler vi bruker, dvs. informasjonen vi samler inn ved hjelp av informasjonskapsler og hvordan denne informasjonen brukes, og hvordan du administrerer innstillingene for informasjonskapsler.<\/p>\n\n\n\n<p>Informasjonskapsler er sm\u00e5 tekstfiler som brukes til \u00e5 lagre sm\u00e5 biter av informasjon. De lagres p\u00e5 enheten din n\u00e5r nettsiden lastes inn i nettleseren din. Disse informasjonskapslene hjelper oss med \u00e5 f\u00e5 nettsiden til \u00e5 fungere ordentlig, gj\u00f8re den sikrere, gi en bedre brukeropplevelse og forst\u00e5 hvordan nettsiden presterer og analysere hva som fungerer og hvor den trenger forbedring.  <\/p>\n\n\n\n<p><\/p>\n\n\n\n<h2>Hvordan bruker vi informasjonskapsler?<\/h2>\n\n\n\n<p><\/p>\n\n\n\n<p>Som de fleste nettjenester bruker nettsiden v\u00e5r f\u00f8rsteparts- og tredjepartsinformasjonskapsler for flere form\u00e5l. F\u00f8rstepartsinformasjonskapsler er hovedsakelig n\u00f8dvendige for at nettsiden skal fungere p\u00e5 riktig m\u00e5te, og de samler ikke inn noen av dine personlig identifiserbare data. <\/p>\n\n\n\n<p id=\"CookieDeclarationConsentIdAndDate\">Tredjepartsinformasjonskapslene som brukes p\u00e5 nettsiden v\u00e5r er hovedsakelig for \u00e5 forst\u00e5 hvordan nettsiden presterer, hvordan du samhandler med nettsiden v\u00e5r, holde tjenestene v\u00e5re sikre, tilby annonser som er relevante for deg, og alt i alt gi deg en bedre og forbedret brukeropplevelse og hjelpe til med \u00e5 \u00f8ke hastigheten p\u00e5 fremtidige interaksjoner med nettsiden v\u00e5r.<\/p>\n\n\n\n<h5>Typer informasjonskapsler vi bruker<\/h5>\n\n    <div class=\"cky-audit-table-element\"><\/div>\n\n\n\n<h2>Administrer informasjonskapselpreferanser<\/h2>\n<a class=\"cky-banner-element\">Informasjonskapselinnstillinger<\/a> <br\/>\n\n\n\n<p>Du kan endre informasjonskapselpreferansene dine n\u00e5r som helst ved \u00e5 klikke p\u00e5 knappen ovenfor. Dette lar deg g\u00e5 tilbake til samtykkebaneret for informasjonskapsler og endre preferansene dine eller trekke tilbake samtykket ditt umiddelbart. <\/p>\n\n\n\n<p>I tillegg til dette tilbyr ulike nettlesere forskjellige metoder for \u00e5 blokkere og slette informasjonskapsler som brukes av nettsteder. Du kan endre innstillingene i nettleseren din for \u00e5 blokkere\/slette informasjonskapslene. Nedenfor er lenkene til st\u00f8ttedokumentene om hvordan du administrerer og sletter informasjonskapsler fra de store nettleserne.  <\/p>\n\n\n\nhref=\u00abhttps:\/\/support.google.com\/accounts\/answer\/32050\u00bb>https:\/\/support.google.com\/accounts\/answer\/32050<p>Safari: <a target=\"_blank\" href=\"https:\/\/support.apple.com\/en-in\/guide\/safari\/sfri11471\/mac\">https:\/\/support.apple.com\/en-in\/guide\/safari\/sfri11471\/mac<\/a><\/p><p>Firefox: <a target=\"_blank\" href=\"https:\/\/support.mozilla.org\/en-US\/kb\/clear-cookies-and-site-data-firefox?redirectslug=delete-cookies-remove-info-websites-stored&#038;redirectlocale=en-US\">https:\/\/support.mozilla.org\/en-US\/kb\/clear-cookies-and-site-data-firefox?redirectslug=delete-cookies-remove-info-websites-stored&#038;redirectlocale=en-US<\/a><\/p><p>Internet Explorer: <a target=\"_blank\" href=\"https:\/\/support.microsoft.com\/en-us\/topic\/how-to-delete-cookie-files-in-internet-explorer-bca9446f-d873-78de-77ba-d42645fa52fc\">https:\/\/support.microsoft.com\/en-us\/topic\/how-to-delete-cookie-files-in-internet-explorer-bca9446f-d873-78de-77ba-d42645fa52fc<\/a><\/p><p>Hvis du bruker en annen nettleser, vennligst bes\u00f8k nettleserens offisielle st\u00f8ttedokumenter.<\/p>\n<\/div>\n\t\t\n\t        <\/section>\n","protected":false},"excerpt":{"rendered":"","protected":false},"author":8,"featured_media":0,"parent":0,"menu_order":0,"comment_status":"closed","ping_status":"closed","template":"","meta":{"_acf_changed":false,"content-type":"","footnotes":"","_links_to":"","_links_to_target":""},"class_list":["post-31722","page","type-page","status-publish","hentry"],"acf":[],"yoast_head":"<!-- This site is optimized with the Yoast SEO plugin v27.3 - https:\/\/yoast.com\/product\/yoast-seo-wordpress\/ -->\n<title>Informasjonskapselpolicy | EcoOnline<\/title>\n<meta name=\"description\" content=\"Denne nettsiden bruker informasjonskapsler. Vi bruker informasjonskapsler for \u00e5 tilpasse innhold og annonser, for \u00e5 tilby sosiale mediefunksjoner og for \u00e5 analysere trafikken v\u00e5r.\" \/>\n<meta name=\"robots\" content=\"index, follow, max-snippet:-1, max-image-preview:large, max-video-preview:-1\" \/>\n<link rel=\"canonical\" href=\"https:\/\/www.ecoonline.com\/no\/cookie-policy\/\" \/>\n<meta property=\"og:locale\" content=\"nb_NO\" \/>\n<meta property=\"og:type\" content=\"article\" \/>\n<meta property=\"og:title\" content=\"Informasjonskapselpolicy | EcoOnline\" \/>\n<meta property=\"og:description\" content=\"Denne nettsiden bruker informasjonskapsler. Vi bruker informasjonskapsler for \u00e5 tilpasse innhold og annonser, for \u00e5 tilby sosiale mediefunksjoner og for \u00e5 analysere trafikken v\u00e5r.\" \/>\n<meta property=\"og:url\" content=\"https:\/\/www.ecoonline.com\/no\/cookie-policy\/\" \/>\n<meta property=\"og:site_name\" content=\"EcoOnline\" \/>\n<meta property=\"article:modified_time\" content=\"2026-03-23T09:05:57+00:00\" \/>\n<meta name=\"twitter:card\" content=\"summary_large_image\" \/>\n<meta name=\"twitter:label1\" content=\"Ansl. lesetid\" \/>\n\t<meta name=\"twitter:data1\" content=\"2 minutter\" \/>\n<script type=\"application\/ld+json\" class=\"yoast-schema-graph\">{\"@context\":\"https:\\\/\\\/schema.org\",\"@graph\":[{\"@type\":\"Article\",\"@id\":\"https:\\\/\\\/www.ecoonline.com\\\/no\\\/cookie-policy\\\/#article\",\"isPartOf\":{\"@id\":\"https:\\\/\\\/www.ecoonline.com\\\/no\\\/cookie-policy\\\/\"},\"author\":{\"name\":\"Johan Hennius\",\"@id\":\"https:\\\/\\\/www.ecoonline.com\\\/no\\\/#\\\/schema\\\/person\\\/22787b96c92120e097dbfc849629392a\"},\"headline\":\"Informasjonskapselpolicy\",\"datePublished\":\"2024-11-01T09:06:54+00:00\",\"dateModified\":\"2026-03-23T09:05:57+00:00\",\"mainEntityOfPage\":{\"@id\":\"https:\\\/\\\/www.ecoonline.com\\\/no\\\/cookie-policy\\\/\"},\"wordCount\":376,\"publisher\":{\"@id\":\"https:\\\/\\\/www.ecoonline.com\\\/no\\\/#organization\"},\"inLanguage\":\"nb-NO\"},{\"@type\":\"WebPage\",\"@id\":\"https:\\\/\\\/www.ecoonline.com\\\/no\\\/cookie-policy\\\/\",\"url\":\"https:\\\/\\\/www.ecoonline.com\\\/no\\\/cookie-policy\\\/\",\"name\":\"Informasjonskapselpolicy | EcoOnline\",\"isPartOf\":{\"@id\":\"https:\\\/\\\/www.ecoonline.com\\\/no\\\/#website\"},\"datePublished\":\"2024-11-01T09:06:54+00:00\",\"dateModified\":\"2026-03-23T09:05:57+00:00\",\"description\":\"Denne nettsiden bruker informasjonskapsler. Vi bruker informasjonskapsler for \u00e5 tilpasse innhold og annonser, for \u00e5 tilby sosiale mediefunksjoner og for \u00e5 analysere trafikken v\u00e5r.\",\"inLanguage\":\"nb-NO\",\"potentialAction\":[{\"@type\":\"ReadAction\",\"target\":[\"https:\\\/\\\/www.ecoonline.com\\\/no\\\/cookie-policy\\\/\"]}]},{\"@type\":\"WebSite\",\"@id\":\"https:\\\/\\\/www.ecoonline.com\\\/no\\\/#website\",\"url\":\"https:\\\/\\\/www.ecoonline.com\\\/no\\\/\",\"name\":\"EcoOnline\",\"description\":\"\",\"publisher\":{\"@id\":\"https:\\\/\\\/www.ecoonline.com\\\/no\\\/#organization\"},\"potentialAction\":[{\"@type\":\"SearchAction\",\"target\":{\"@type\":\"EntryPoint\",\"urlTemplate\":\"https:\\\/\\\/www.ecoonline.com\\\/no\\\/?s={search_term_string}\"},\"query-input\":{\"@type\":\"PropertyValueSpecification\",\"valueRequired\":true,\"valueName\":\"search_term_string\"}}],\"inLanguage\":\"nb-NO\"},{\"@type\":\"Organization\",\"@id\":\"https:\\\/\\\/www.ecoonline.com\\\/no\\\/#organization\",\"name\":\"EcoOnline\",\"url\":\"https:\\\/\\\/www.ecoonline.com\\\/no\\\/\",\"logo\":{\"@type\":\"ImageObject\",\"inLanguage\":\"nb-NO\",\"@id\":\"https:\\\/\\\/www.ecoonline.com\\\/no\\\/#\\\/schema\\\/logo\\\/image\\\/\",\"url\":\"https:\\\/\\\/www.ecoonline.com\\\/wp-content\\\/uploads\\\/2024\\\/12\\\/ecoonline-logo.webp\",\"contentUrl\":\"https:\\\/\\\/www.ecoonline.com\\\/wp-content\\\/uploads\\\/2024\\\/12\\\/ecoonline-logo.webp\",\"width\":888,\"height\":613,\"caption\":\"EcoOnline\"},\"image\":{\"@id\":\"https:\\\/\\\/www.ecoonline.com\\\/no\\\/#\\\/schema\\\/logo\\\/image\\\/\"}},{\"@type\":\"Person\",\"@id\":\"https:\\\/\\\/www.ecoonline.com\\\/no\\\/#\\\/schema\\\/person\\\/22787b96c92120e097dbfc849629392a\",\"name\":\"Johan Hennius\",\"image\":{\"@type\":\"ImageObject\",\"inLanguage\":\"nb-NO\",\"@id\":\"https:\\\/\\\/secure.gravatar.com\\\/avatar\\\/b89c9347e9e09bd67293022824d9f9ed322fc2fab9318747cd630353573e3052?s=96&d=mm&r=g\",\"url\":\"https:\\\/\\\/secure.gravatar.com\\\/avatar\\\/b89c9347e9e09bd67293022824d9f9ed322fc2fab9318747cd630353573e3052?s=96&d=mm&r=g\",\"contentUrl\":\"https:\\\/\\\/secure.gravatar.com\\\/avatar\\\/b89c9347e9e09bd67293022824d9f9ed322fc2fab9318747cd630353573e3052?s=96&d=mm&r=g\",\"caption\":\"Johan Hennius\"},\"sameAs\":[\"https:\\\/\\\/www.ecoonline.com\\\/\"]}]}<\/script>\n<!-- \/ Yoast SEO plugin. -->","yoast_head_json":{"title":"Informasjonskapselpolicy | EcoOnline","description":"Denne nettsiden bruker informasjonskapsler. Vi bruker informasjonskapsler for \u00e5 tilpasse innhold og annonser, for \u00e5 tilby sosiale mediefunksjoner og for \u00e5 analysere trafikken v\u00e5r.","robots":{"index":"index","follow":"follow","max-snippet":"max-snippet:-1","max-image-preview":"max-image-preview:large","max-video-preview":"max-video-preview:-1"},"canonical":"https:\/\/www.ecoonline.com\/no\/cookie-policy\/","og_locale":"nb_NO","og_type":"article","og_title":"Informasjonskapselpolicy | EcoOnline","og_description":"Denne nettsiden bruker informasjonskapsler. Vi bruker informasjonskapsler for \u00e5 tilpasse innhold og annonser, for \u00e5 tilby sosiale mediefunksjoner og for \u00e5 analysere trafikken v\u00e5r.","og_url":"https:\/\/www.ecoonline.com\/no\/cookie-policy\/","og_site_name":"EcoOnline","article_modified_time":"2026-03-23T09:05:57+00:00","twitter_card":"summary_large_image","twitter_misc":{"Ansl. lesetid":"2 minutter"},"schema":{"@context":"https:\/\/schema.org","@graph":[{"@type":"Article","@id":"https:\/\/www.ecoonline.com\/no\/cookie-policy\/#article","isPartOf":{"@id":"https:\/\/www.ecoonline.com\/no\/cookie-policy\/"},"author":{"name":"Johan Hennius","@id":"https:\/\/www.ecoonline.com\/no\/#\/schema\/person\/22787b96c92120e097dbfc849629392a"},"headline":"Informasjonskapselpolicy","datePublished":"2024-11-01T09:06:54+00:00","dateModified":"2026-03-23T09:05:57+00:00","mainEntityOfPage":{"@id":"https:\/\/www.ecoonline.com\/no\/cookie-policy\/"},"wordCount":376,"publisher":{"@id":"https:\/\/www.ecoonline.com\/no\/#organization"},"inLanguage":"nb-NO"},{"@type":"WebPage","@id":"https:\/\/www.ecoonline.com\/no\/cookie-policy\/","url":"https:\/\/www.ecoonline.com\/no\/cookie-policy\/","name":"Informasjonskapselpolicy | EcoOnline","isPartOf":{"@id":"https:\/\/www.ecoonline.com\/no\/#website"},"datePublished":"2024-11-01T09:06:54+00:00","dateModified":"2026-03-23T09:05:57+00:00","description":"Denne nettsiden bruker informasjonskapsler. Vi bruker informasjonskapsler for \u00e5 tilpasse innhold og annonser, for \u00e5 tilby sosiale mediefunksjoner og for \u00e5 analysere trafikken v\u00e5r.","inLanguage":"nb-NO","potentialAction":[{"@type":"ReadAction","target":["https:\/\/www.ecoonline.com\/no\/cookie-policy\/"]}]},{"@type":"WebSite","@id":"https:\/\/www.ecoonline.com\/no\/#website","url":"https:\/\/www.ecoonline.com\/no\/","name":"EcoOnline","description":"","publisher":{"@id":"https:\/\/www.ecoonline.com\/no\/#organization"},"potentialAction":[{"@type":"SearchAction","target":{"@type":"EntryPoint","urlTemplate":"https:\/\/www.ecoonline.com\/no\/?s={search_term_string}"},"query-input":{"@type":"PropertyValueSpecification","valueRequired":true,"valueName":"search_term_string"}}],"inLanguage":"nb-NO"},{"@type":"Organization","@id":"https:\/\/www.ecoonline.com\/no\/#organization","name":"EcoOnline","url":"https:\/\/www.ecoonline.com\/no\/","logo":{"@type":"ImageObject","inLanguage":"nb-NO","@id":"https:\/\/www.ecoonline.com\/no\/#\/schema\/logo\/image\/","url":"https:\/\/www.ecoonline.com\/wp-content\/uploads\/2024\/12\/ecoonline-logo.webp","contentUrl":"https:\/\/www.ecoonline.com\/wp-content\/uploads\/2024\/12\/ecoonline-logo.webp","width":888,"height":613,"caption":"EcoOnline"},"image":{"@id":"https:\/\/www.ecoonline.com\/no\/#\/schema\/logo\/image\/"}},{"@type":"Person","@id":"https:\/\/www.ecoonline.com\/no\/#\/schema\/person\/22787b96c92120e097dbfc849629392a","name":"Johan Hennius","image":{"@type":"ImageObject","inLanguage":"nb-NO","@id":"https:\/\/secure.gravatar.com\/avatar\/b89c9347e9e09bd67293022824d9f9ed322fc2fab9318747cd630353573e3052?s=96&d=mm&r=g","url":"https:\/\/secure.gravatar.com\/avatar\/b89c9347e9e09bd67293022824d9f9ed322fc2fab9318747cd630353573e3052?s=96&d=mm&r=g","contentUrl":"https:\/\/secure.gravatar.com\/avatar\/b89c9347e9e09bd67293022824d9f9ed322fc2fab9318747cd630353573e3052?s=96&d=mm&r=g","caption":"Johan Hennius"},"sameAs":["https:\/\/www.ecoonline.com\/"]}]}},"_links":{"self":[{"href":"https:\/\/www.ecoonline.com\/no\/wp-json\/wp\/v2\/pages\/31722","targetHints":{"allow":["GET"]}}],"collection":[{"href":"https:\/\/www.ecoonline.com\/no\/wp-json\/wp\/v2\/pages"}],"about":[{"href":"https:\/\/www.ecoonline.com\/no\/wp-json\/wp\/v2\/types\/page"}],"author":[{"embeddable":true,"href":"https:\/\/www.ecoonline.com\/no\/wp-json\/wp\/v2\/users\/8"}],"replies":[{"embeddable":true,"href":"https:\/\/www.ecoonline.com\/no\/wp-json\/wp\/v2\/comments?post=31722"}],"version-history":[{"count":2,"href":"https:\/\/www.ecoonline.com\/no\/wp-json\/wp\/v2\/pages\/31722\/revisions"}],"predecessor-version":[{"id":142919,"href":"https:\/\/www.ecoonline.com\/no\/wp-json\/wp\/v2\/pages\/31722\/revisions\/142919"}],"wp:attachment":[{"href":"https:\/\/www.ecoonline.com\/no\/wp-json\/wp\/v2\/media?parent=31722"}],"curies":[{"name":"wp","href":"https:\/\/api.w.org\/{rel}","templated":true}]}}