{"id":31723,"date":"2024-11-01T09:06:54","date_gmt":"2024-11-01T09:06:54","guid":{"rendered":"https:\/\/www.ecoonline.com\/cookie-policy\/"},"modified":"2026-03-23T09:11:12","modified_gmt":"2026-03-23T09:11:12","slug":"cookie-policy","status":"publish","type":"page","link":"https:\/\/www.ecoonline.com\/sv\/cookie-policy\/","title":{"rendered":"Cookiepolicy"},"content":{"rendered":"\n<section class=\"Pegasus__Container w-full   relative h-fit  text-content-light mobile-stacking-standard is-layout-flow wp-block-pegasus-container-is-layout-flow\" style=\"  padding-top:var(--wp--preset--spacing--30);padding-bottom:var(--wp--preset--spacing--30); \" >\n\t        \n\t\t\t\t\t\t\t\t<div class=\"row-background absolute w-full bottom-0 left-0 z-0 h-full has-teal-background-color\" style=\"\">\n<\/div>\n\t\t\t\t\n\t\t\t\t\t\t\n\t\t\t\t\t\t\n\t\t        \t\t\n\t\t\n\t\n\t\t\t<div class=\"relative h-full is-flex-layout flex flex-col justify-start  container\">\n\n<h1 class=\"wp-block-heading has-text-align-left has-xx-large-font-size\">Cookiepolicy<\/h1>\n\n<\/div>\n\t\t\n\t        <\/section>\n\n<section class=\"Pegasus__Container w-full   relative h-fit  text-content-dark mobile-stacking-standard is-layout-flow wp-block-pegasus-container-is-layout-flow\" style=\"  padding-top:var(--wp--preset--spacing--30);padding-bottom:var(--wp--preset--spacing--30); \" >\n\t        \n\t\t\t\t\t\t\t\n\t\t\t\t\t\t\n\t\t\t\t\t\t\n\t\t        \t\t\n\t\t\n\t\n\t\t\t<div class=\"relative h-full is-flex-layout flex flex-col justify-start  container\">\n\n<p>Den h\u00e4r webbplatsen anv\u00e4nder cookies. Vi anv\u00e4nder cookies f\u00f6r att anpassa inneh\u00e5ll och annonser, f\u00f6r att tillhandah\u00e5lla funktioner f\u00f6r sociala medier och f\u00f6r att analysera v\u00e5r trafik. <\/p>\n\n\n\n<div style=\"height:2vw\" aria-hidden=\"true\" class=\"wp-block-spacer\"><\/div>\n\n\n\n<h2 class=\"wp-block-heading has-large-font-size\">Om cookies<\/h2>\n\n\n\n<h2>Vad \u00e4r cookies?<\/h2>\n\n\n\n<p><\/p>\n\n\n\n<p>Den h\u00e4r cookie-policyn f\u00f6rklarar vad cookies \u00e4r och hur vi anv\u00e4nder dem, vilka typer av cookies vi anv\u00e4nder, dvs. vilken information vi samlar in med hj\u00e4lp av cookies och hur den informationen anv\u00e4nds, samt hur du hanterar cookie-inst\u00e4llningarna.<\/p>\n\n\n\n<p>Cookies \u00e4r sm\u00e5 textfiler som anv\u00e4nds f\u00f6r att lagra sm\u00e5 informationsbitar. De lagras p\u00e5 din enhet n\u00e4r webbplatsen laddas i din webbl\u00e4sare. Dessa cookies hj\u00e4lper oss att f\u00e5 webbplatsen att fungera korrekt, g\u00f6ra den s\u00e4krare, ge en b\u00e4ttre anv\u00e4ndarupplevelse och f\u00f6rst\u00e5 hur webbplatsen presterar och analysera vad som fungerar och var den beh\u00f6ver f\u00f6rb\u00e4ttras.  <\/p>\n\n\n\n<p><\/p>\n\n\n\n<h2>Hur anv\u00e4nder vi cookies?<\/h2>\n\n\n\n<p><\/p>\n\n\n\n<p>Som de flesta onlinetj\u00e4nster anv\u00e4nder v\u00e5r webbplats f\u00f6rstaparts- och tredjepartscookies f\u00f6r flera syften. F\u00f6rstapartscookies \u00e4r oftast n\u00f6dv\u00e4ndiga f\u00f6r att webbplatsen ska fungera p\u00e5 r\u00e4tt s\u00e4tt, och de samlar inte in n\u00e5gon av dina personligt identifierbara uppgifter. <\/p>\n\n\n\n<p id=\"CookieDeclarationConsentIdAndDate\">Tredjepartscookies som anv\u00e4nds p\u00e5 v\u00e5r webbplats \u00e4r fr\u00e4mst f\u00f6r att f\u00f6rst\u00e5 hur webbplatsen presterar, hur du interagerar med v\u00e5r webbplats, h\u00e5lla v\u00e5ra tj\u00e4nster s\u00e4kra, tillhandah\u00e5lla annonser som \u00e4r relevanta f\u00f6r dig, och sammantaget ge dig en b\u00e4ttre och f\u00f6rb\u00e4ttrad anv\u00e4ndarupplevelse och hj\u00e4lpa till att p\u00e5skynda dina framtida interaktioner med v\u00e5r webbplats.<\/p>\n\n\n\n<h5>Typer av cookies vi anv\u00e4nder<\/h5>\n\n    <div class=\"cky-audit-table-element\"><\/div>\n\n\n\n<h2>Hantera cookie-inst\u00e4llningar<\/h2>\n<a class=\"cky-banner-element\">Cookie-inst\u00e4llningar<\/a> <br\/>\n\n\n\n<p>Du kan \u00e4ndra dina cookie-inst\u00e4llningar n\u00e4r som helst genom att klicka p\u00e5 knappen ovan. Detta l\u00e5ter dig \u00e5terbes\u00f6ka cookie-medgivandebannern och \u00e4ndra dina inst\u00e4llningar eller \u00e5terkalla ditt medgivande direkt. <\/p>\n\n\n\n<p>Ut\u00f6ver detta tillhandah\u00e5ller olika webbl\u00e4sare olika metoder f\u00f6r att blockera och ta bort cookies som anv\u00e4nds av webbplatser. Du kan \u00e4ndra inst\u00e4llningarna i din webbl\u00e4sare f\u00f6r att blockera\/ta bort cookies. Nedan listas l\u00e4nkar till supportdokument om hur du hanterar och tar bort cookies fr\u00e5n de stora webbl\u00e4sarna.  <\/p>\n\n\n\nhref=\u201chttps:\/\/support.google.com\/accounts\/answer\/32050\u201d>https:\/\/support.google.com\/accounts\/answer\/32050<p>Safari: <a target=\"_blank\" href=\"https:\/\/support.apple.com\/en-in\/guide\/safari\/sfri11471\/mac\">https:\/\/support.apple.com\/en-in\/guide\/safari\/sfri11471\/mac<\/a><\/p><p>Firefox: <a target=\"_blank\" href=\"https:\/\/support.mozilla.org\/en-US\/kb\/clear-cookies-and-site-data-firefox?redirectslug=delete-cookies-remove-info-websites-stored&#038;redirectlocale=en-US\">https:\/\/support.mozilla.org\/en-US\/kb\/clear-cookies-and-site-data-firefox?redirectslug=delete-cookies-remove-info-websites-stored&#038;redirectlocale=en-US<\/a><\/p><p>Internet Explorer: <a target=\"_blank\" href=\"https:\/\/support.microsoft.com\/en-us\/topic\/how-to-delete-cookie-files-in-internet-explorer-bca9446f-d873-78de-77ba-d42645fa52fc\">https:\/\/support.microsoft.com\/en-us\/topic\/how-to-delete-cookie-files-in-internet-explorer-bca9446f-d873-78de-77ba-d42645fa52fc<\/a><\/p><p>Om du anv\u00e4nder n\u00e5gon annan webbl\u00e4sare, bes\u00f6k din webbl\u00e4sares officiella supportdokument.<\/p>\n<\/div>\n\t\t\n\t        <\/section>\n","protected":false},"excerpt":{"rendered":"","protected":false},"author":8,"featured_media":0,"parent":0,"menu_order":0,"comment_status":"closed","ping_status":"closed","template":"","meta":{"_acf_changed":false,"content-type":"","footnotes":"","_links_to":"","_links_to_target":""},"class_list":["post-31723","page","type-page","status-publish","hentry"],"acf":[],"yoast_head":"<!-- This site is optimized with the Yoast SEO plugin v27.3 - https:\/\/yoast.com\/product\/yoast-seo-wordpress\/ -->\n<title>Cookie-policy | EcoOnline<\/title>\n<meta name=\"description\" content=\"Den h\u00e4r webbplatsen anv\u00e4nder cookies. Vi anv\u00e4nder cookies f\u00f6r att anpassa inneh\u00e5ll och annonser, f\u00f6r att tillhandah\u00e5lla funktioner f\u00f6r sociala medier och f\u00f6r att analysera v\u00e5r trafik.\" \/>\n<meta name=\"robots\" content=\"index, follow, max-snippet:-1, max-image-preview:large, max-video-preview:-1\" \/>\n<link rel=\"canonical\" href=\"https:\/\/www.ecoonline.com\/sv\/cookie-policy\/\" \/>\n<meta property=\"og:locale\" content=\"sv_SE\" \/>\n<meta property=\"og:type\" content=\"article\" \/>\n<meta property=\"og:title\" content=\"Cookie-policy | EcoOnline\" \/>\n<meta property=\"og:description\" content=\"Den h\u00e4r webbplatsen anv\u00e4nder cookies. Vi anv\u00e4nder cookies f\u00f6r att anpassa inneh\u00e5ll och annonser, f\u00f6r att tillhandah\u00e5lla funktioner f\u00f6r sociala medier och f\u00f6r att analysera v\u00e5r trafik.\" \/>\n<meta property=\"og:url\" content=\"https:\/\/www.ecoonline.com\/sv\/cookie-policy\/\" \/>\n<meta property=\"og:site_name\" content=\"EcoOnline\" \/>\n<meta property=\"article:modified_time\" content=\"2026-03-23T09:11:12+00:00\" \/>\n<meta name=\"twitter:card\" content=\"summary_large_image\" \/>\n<meta name=\"twitter:label1\" content=\"Ber\u00e4knad l\u00e4stid\" \/>\n\t<meta name=\"twitter:data1\" content=\"2 minuter\" \/>\n<script type=\"application\/ld+json\" class=\"yoast-schema-graph\">{\"@context\":\"https:\\\/\\\/schema.org\",\"@graph\":[{\"@type\":\"Article\",\"@id\":\"https:\\\/\\\/www.ecoonline.com\\\/sv\\\/cookie-policy\\\/#article\",\"isPartOf\":{\"@id\":\"https:\\\/\\\/www.ecoonline.com\\\/sv\\\/cookie-policy\\\/\"},\"author\":{\"name\":\"Johan Hennius\",\"@id\":\"https:\\\/\\\/www.ecoonline.com\\\/sv\\\/#\\\/schema\\\/person\\\/22787b96c92120e097dbfc849629392a\"},\"headline\":\"Cookiepolicy\",\"datePublished\":\"2024-11-01T09:06:54+00:00\",\"dateModified\":\"2026-03-23T09:11:12+00:00\",\"mainEntityOfPage\":{\"@id\":\"https:\\\/\\\/www.ecoonline.com\\\/sv\\\/cookie-policy\\\/\"},\"wordCount\":448,\"publisher\":{\"@id\":\"https:\\\/\\\/www.ecoonline.com\\\/sv\\\/#organization\"},\"inLanguage\":\"sv-SE\"},{\"@type\":\"WebPage\",\"@id\":\"https:\\\/\\\/www.ecoonline.com\\\/sv\\\/cookie-policy\\\/\",\"url\":\"https:\\\/\\\/www.ecoonline.com\\\/sv\\\/cookie-policy\\\/\",\"name\":\"Cookie-policy | EcoOnline\",\"isPartOf\":{\"@id\":\"https:\\\/\\\/www.ecoonline.com\\\/sv\\\/#website\"},\"datePublished\":\"2024-11-01T09:06:54+00:00\",\"dateModified\":\"2026-03-23T09:11:12+00:00\",\"description\":\"Den h\u00e4r webbplatsen anv\u00e4nder cookies. Vi anv\u00e4nder cookies f\u00f6r att anpassa inneh\u00e5ll och annonser, f\u00f6r att tillhandah\u00e5lla funktioner f\u00f6r sociala medier och f\u00f6r att analysera v\u00e5r trafik.\",\"inLanguage\":\"sv-SE\",\"potentialAction\":[{\"@type\":\"ReadAction\",\"target\":[\"https:\\\/\\\/www.ecoonline.com\\\/sv\\\/cookie-policy\\\/\"]}]},{\"@type\":\"WebSite\",\"@id\":\"https:\\\/\\\/www.ecoonline.com\\\/sv\\\/#website\",\"url\":\"https:\\\/\\\/www.ecoonline.com\\\/sv\\\/\",\"name\":\"EcoOnline\",\"description\":\"\",\"publisher\":{\"@id\":\"https:\\\/\\\/www.ecoonline.com\\\/sv\\\/#organization\"},\"potentialAction\":[{\"@type\":\"SearchAction\",\"target\":{\"@type\":\"EntryPoint\",\"urlTemplate\":\"https:\\\/\\\/www.ecoonline.com\\\/sv\\\/?s={search_term_string}\"},\"query-input\":{\"@type\":\"PropertyValueSpecification\",\"valueRequired\":true,\"valueName\":\"search_term_string\"}}],\"inLanguage\":\"sv-SE\"},{\"@type\":\"Organization\",\"@id\":\"https:\\\/\\\/www.ecoonline.com\\\/sv\\\/#organization\",\"name\":\"EcoOnline\",\"url\":\"https:\\\/\\\/www.ecoonline.com\\\/sv\\\/\",\"logo\":{\"@type\":\"ImageObject\",\"inLanguage\":\"sv-SE\",\"@id\":\"https:\\\/\\\/www.ecoonline.com\\\/sv\\\/#\\\/schema\\\/logo\\\/image\\\/\",\"url\":\"https:\\\/\\\/www.ecoonline.com\\\/wp-content\\\/uploads\\\/2024\\\/12\\\/ecoonline-logo.webp\",\"contentUrl\":\"https:\\\/\\\/www.ecoonline.com\\\/wp-content\\\/uploads\\\/2024\\\/12\\\/ecoonline-logo.webp\",\"width\":888,\"height\":613,\"caption\":\"EcoOnline\"},\"image\":{\"@id\":\"https:\\\/\\\/www.ecoonline.com\\\/sv\\\/#\\\/schema\\\/logo\\\/image\\\/\"}},{\"@type\":\"Person\",\"@id\":\"https:\\\/\\\/www.ecoonline.com\\\/sv\\\/#\\\/schema\\\/person\\\/22787b96c92120e097dbfc849629392a\",\"name\":\"Johan Hennius\",\"image\":{\"@type\":\"ImageObject\",\"inLanguage\":\"sv-SE\",\"@id\":\"https:\\\/\\\/secure.gravatar.com\\\/avatar\\\/b89c9347e9e09bd67293022824d9f9ed322fc2fab9318747cd630353573e3052?s=96&d=mm&r=g\",\"url\":\"https:\\\/\\\/secure.gravatar.com\\\/avatar\\\/b89c9347e9e09bd67293022824d9f9ed322fc2fab9318747cd630353573e3052?s=96&d=mm&r=g\",\"contentUrl\":\"https:\\\/\\\/secure.gravatar.com\\\/avatar\\\/b89c9347e9e09bd67293022824d9f9ed322fc2fab9318747cd630353573e3052?s=96&d=mm&r=g\",\"caption\":\"Johan Hennius\"},\"sameAs\":[\"https:\\\/\\\/www.ecoonline.com\\\/\"]}]}<\/script>\n<!-- \/ Yoast SEO plugin. -->","yoast_head_json":{"title":"Cookie-policy | EcoOnline","description":"Den h\u00e4r webbplatsen anv\u00e4nder cookies. Vi anv\u00e4nder cookies f\u00f6r att anpassa inneh\u00e5ll och annonser, f\u00f6r att tillhandah\u00e5lla funktioner f\u00f6r sociala medier och f\u00f6r att analysera v\u00e5r trafik.","robots":{"index":"index","follow":"follow","max-snippet":"max-snippet:-1","max-image-preview":"max-image-preview:large","max-video-preview":"max-video-preview:-1"},"canonical":"https:\/\/www.ecoonline.com\/sv\/cookie-policy\/","og_locale":"sv_SE","og_type":"article","og_title":"Cookie-policy | EcoOnline","og_description":"Den h\u00e4r webbplatsen anv\u00e4nder cookies. Vi anv\u00e4nder cookies f\u00f6r att anpassa inneh\u00e5ll och annonser, f\u00f6r att tillhandah\u00e5lla funktioner f\u00f6r sociala medier och f\u00f6r att analysera v\u00e5r trafik.","og_url":"https:\/\/www.ecoonline.com\/sv\/cookie-policy\/","og_site_name":"EcoOnline","article_modified_time":"2026-03-23T09:11:12+00:00","twitter_card":"summary_large_image","twitter_misc":{"Ber\u00e4knad l\u00e4stid":"2 minuter"},"schema":{"@context":"https:\/\/schema.org","@graph":[{"@type":"Article","@id":"https:\/\/www.ecoonline.com\/sv\/cookie-policy\/#article","isPartOf":{"@id":"https:\/\/www.ecoonline.com\/sv\/cookie-policy\/"},"author":{"name":"Johan Hennius","@id":"https:\/\/www.ecoonline.com\/sv\/#\/schema\/person\/22787b96c92120e097dbfc849629392a"},"headline":"Cookiepolicy","datePublished":"2024-11-01T09:06:54+00:00","dateModified":"2026-03-23T09:11:12+00:00","mainEntityOfPage":{"@id":"https:\/\/www.ecoonline.com\/sv\/cookie-policy\/"},"wordCount":448,"publisher":{"@id":"https:\/\/www.ecoonline.com\/sv\/#organization"},"inLanguage":"sv-SE"},{"@type":"WebPage","@id":"https:\/\/www.ecoonline.com\/sv\/cookie-policy\/","url":"https:\/\/www.ecoonline.com\/sv\/cookie-policy\/","name":"Cookie-policy | EcoOnline","isPartOf":{"@id":"https:\/\/www.ecoonline.com\/sv\/#website"},"datePublished":"2024-11-01T09:06:54+00:00","dateModified":"2026-03-23T09:11:12+00:00","description":"Den h\u00e4r webbplatsen anv\u00e4nder cookies. Vi anv\u00e4nder cookies f\u00f6r att anpassa inneh\u00e5ll och annonser, f\u00f6r att tillhandah\u00e5lla funktioner f\u00f6r sociala medier och f\u00f6r att analysera v\u00e5r trafik.","inLanguage":"sv-SE","potentialAction":[{"@type":"ReadAction","target":["https:\/\/www.ecoonline.com\/sv\/cookie-policy\/"]}]},{"@type":"WebSite","@id":"https:\/\/www.ecoonline.com\/sv\/#website","url":"https:\/\/www.ecoonline.com\/sv\/","name":"EcoOnline","description":"","publisher":{"@id":"https:\/\/www.ecoonline.com\/sv\/#organization"},"potentialAction":[{"@type":"SearchAction","target":{"@type":"EntryPoint","urlTemplate":"https:\/\/www.ecoonline.com\/sv\/?s={search_term_string}"},"query-input":{"@type":"PropertyValueSpecification","valueRequired":true,"valueName":"search_term_string"}}],"inLanguage":"sv-SE"},{"@type":"Organization","@id":"https:\/\/www.ecoonline.com\/sv\/#organization","name":"EcoOnline","url":"https:\/\/www.ecoonline.com\/sv\/","logo":{"@type":"ImageObject","inLanguage":"sv-SE","@id":"https:\/\/www.ecoonline.com\/sv\/#\/schema\/logo\/image\/","url":"https:\/\/www.ecoonline.com\/wp-content\/uploads\/2024\/12\/ecoonline-logo.webp","contentUrl":"https:\/\/www.ecoonline.com\/wp-content\/uploads\/2024\/12\/ecoonline-logo.webp","width":888,"height":613,"caption":"EcoOnline"},"image":{"@id":"https:\/\/www.ecoonline.com\/sv\/#\/schema\/logo\/image\/"}},{"@type":"Person","@id":"https:\/\/www.ecoonline.com\/sv\/#\/schema\/person\/22787b96c92120e097dbfc849629392a","name":"Johan Hennius","image":{"@type":"ImageObject","inLanguage":"sv-SE","@id":"https:\/\/secure.gravatar.com\/avatar\/b89c9347e9e09bd67293022824d9f9ed322fc2fab9318747cd630353573e3052?s=96&d=mm&r=g","url":"https:\/\/secure.gravatar.com\/avatar\/b89c9347e9e09bd67293022824d9f9ed322fc2fab9318747cd630353573e3052?s=96&d=mm&r=g","contentUrl":"https:\/\/secure.gravatar.com\/avatar\/b89c9347e9e09bd67293022824d9f9ed322fc2fab9318747cd630353573e3052?s=96&d=mm&r=g","caption":"Johan Hennius"},"sameAs":["https:\/\/www.ecoonline.com\/"]}]}},"_links":{"self":[{"href":"https:\/\/www.ecoonline.com\/sv\/wp-json\/wp\/v2\/pages\/31723","targetHints":{"allow":["GET"]}}],"collection":[{"href":"https:\/\/www.ecoonline.com\/sv\/wp-json\/wp\/v2\/pages"}],"about":[{"href":"https:\/\/www.ecoonline.com\/sv\/wp-json\/wp\/v2\/types\/page"}],"author":[{"embeddable":true,"href":"https:\/\/www.ecoonline.com\/sv\/wp-json\/wp\/v2\/users\/8"}],"replies":[{"embeddable":true,"href":"https:\/\/www.ecoonline.com\/sv\/wp-json\/wp\/v2\/comments?post=31723"}],"version-history":[{"count":2,"href":"https:\/\/www.ecoonline.com\/sv\/wp-json\/wp\/v2\/pages\/31723\/revisions"}],"predecessor-version":[{"id":142921,"href":"https:\/\/www.ecoonline.com\/sv\/wp-json\/wp\/v2\/pages\/31723\/revisions\/142921"}],"wp:attachment":[{"href":"https:\/\/www.ecoonline.com\/sv\/wp-json\/wp\/v2\/media?parent=31723"}],"curies":[{"name":"wp","href":"https:\/\/api.w.org\/{rel}","templated":true}]}}